{"id":1678,"date":"2019-04-13T13:07:40","date_gmt":"2019-04-13T11:07:40","guid":{"rendered":"https:\/\/edlevonzwirn.de\/EdlevonZwirn\/?page_id=1678"},"modified":"2019-04-13T13:19:24","modified_gmt":"2019-04-13T11:19:24","slug":"termine-2","status":"publish","type":"page","link":"https:\/\/edlevonzwirn.de\/EdlevonZwirn\/termine-2\/","title":{"rendered":"Termine"},"content":{"rendered":"<style type='text\/css' media='all'>#rt-tpg-container-2726843431 .rt-holder .rt-woo-info .price{color:#e7bc6c;}body .rt-tpg-container .rt-tpg-isotope-buttons .selected,\n\t\t\t\t\t#rt-tpg-container-2726843431 .layout12 .rt-holder:hover .rt-detail,\n\t\t\t\t\t#rt-tpg-container-2726843431 .isotope8 .rt-holder:hover .rt-detail,\n\t\t\t\t\t#rt-tpg-container-2726843431 .carousel8 .rt-holder:hover .rt-detail,\n\t\t\t\t\t#rt-tpg-container-2726843431 .layout13 .rt-holder .overlay .post-info,\n\t\t\t\t\t#rt-tpg-container-2726843431 .isotope9 .rt-holder .overlay .post-info,\n\t\t\t\t\t#rt-tpg-container-2726843431.rt-tpg-container .layout4 .rt-holder .rt-detail,\n\t\t\t\t\t.rt-modal-2726843431 .md-content,\n\t\t\t\t\t.rt-modal-2726843431 .md-content > .rt-md-content-holder .rt-md-content,\n\t\t\t\t\t.rt-popup-wrap-2726843431.rt-popup-wrap .rt-popup-navigation-wrap,\n\t\t\t\t\t#rt-tpg-container-2726843431 .carousel9 .rt-holder .overlay .post-info{background-color:#e7bc6c;}#rt-tpg-container-2726843431 .layout5 .rt-holder .overlay, #rt-tpg-container-2726843431 .isotope2 .rt-holder .overlay, #rt-tpg-container-2726843431 .carousel2 .rt-holder .overlay,#rt-tpg-container-2726843431 .layout15 .rt-holder h3, #rt-tpg-container-2726843431 .isotope11 .rt-holder h3, #rt-tpg-container-2726843431 .carousel11 .rt-holder h3, #rt-tpg-container-2726843431 .layout16 .rt-holder h3,\n\t\t\t\t\t#rt-tpg-container-2726843431 .isotope12 .rt-holder h3, #rt-tpg-container-2726843431 .carousel12 .rt-holder h3 {background-color:rgba(231,188,108,0.8);}#rt-tpg-container-2726843431 .pagination-list li a,\n\t\t\t\t\trt-tpg-container-2726843431 .pagination-list li span,\n\t\t\t\t\trt-tpg-container-2726843431 .pagination li a,\n\t\t\t\t\t#rt-tpg-container-2726843431 .rt-tpg-isotope-buttons button,\n\t\t\t\t\t#rt-tpg-container-2726843431 .rt-tpg-utility .rt-tpg-load-more button,\n\t\t\t\t\t#rt-tpg-container-2726843431.rt-tpg-container .swiper-navigation .slider-btn,\n\t\t\t\t\t#rt-tpg-container-2726843431.rt-tpg-container .swiper-pagination-bullet,\n\t\t\t\t\t#rt-tpg-container-2726843431 .wc1 .rt-holder .rt-img-holder .overlay .product-more ul li a,\n\t\t\t\t\t#rt-tpg-container-2726843431 .wc2 .rt-detail .rt-wc-add-to-cart,\n\t\t\t\t\t#rt-tpg-container-2726843431 .wc3 .rt-detail .rt-wc-add-to-cart,\n\t\t\t\t\t#rt-tpg-container-2726843431 .wc4 .rt-detail .rt-wc-add-to-cart,\n\t\t\t\t\t#rt-tpg-container-2726843431 .wc-carousel2 .rt-detail .rt-wc-add-to-cart,\n\t\t\t\t\t#rt-tpg-container-2726843431 .wc-isotope2 .rt-detail .rt-wc-add-to-cart,\n\t\t\t\t\t#rt-tpg-container-2726843431 .rt-layout-filter-container .rt-filter-wrap .rt-filter-item-wrap.rt-filter-dropdown-wrap .rt-filter-dropdown,\n\t\t\t\t\t#rt-tpg-container-2726843431 .rt-layout-filter-container .rt-filter-sub-tax.sub-button-group .rt-filter-button-item,\n\t\t\t\t\t#rt-tpg-container-2726843431.rt-tpg-container .rt-pagination-wrap .rt-page-numbers .paginationjs .paginationjs-pages ul li>a,\n\t\t\t\t\t#rt-tpg-container-2726843431 .rt-filter-item-wrap.rt-filter-button-wrap span.rt-filter-button-item,\n\t\t\t\t\t#rt-tpg-container-2726843431.rt-tpg-container .rt-pagination-wrap  .rt-loadmore-btn,\n\t\t\t\t\t#rt-tpg-container-2726843431.rt-tpg-container .rt-pagination-wrap .rt-cb-page-prev-next > *,\n\t\t\t\t\t#rt-tpg-container-2726843431 .rt-read-more,\n\t\t\t\t\t#rt-tooltip-2726843431, #rt-tooltip-2726843431 .rt-tooltip-bottom:after{background-color:#e7bc6c;}#rt-tpg-container-2726843431 .rt-filter-item-wrap.rt-filter-button-wrap span.rt-filter-button-item,\n\t\t\t\t\t#rt-tpg-container-2726843431 .rt-layout-filter-container .rt-filter-sub-tax.sub-button-group .rt-filter-button-item{border-color:#e7bc6c;}#rt-tpg-container-2726843431.rt-tpg-container .layout17 .rt-holder .overlay a.tpg-zoom .fa{color:#e7bc6c;}#rt-tpg-container-2726843431 .rt-holder .read-more a {background-color:#e7bc6c;padding: 8px 15px;}#rt-tpg-container-2726843431 .pagination-list li a,\n\t\t\t\t\t#rt-tpg-container-2726843431 .pagination li a,\n\t\t\t\t\t#rt-tpg-container-2726843431 .rt-tpg-isotope-buttons button,\n\t\t\t\t\t#rt-tpg-container-2726843431 .rt-holder .read-more a,\n\t\t\t\t\t#rt-tpg-container-2726843431 .rt-tpg-utility .rt-tpg-load-more button,\n\t\t\t\t\t#rt-tpg-container-2726843431.rt-tpg-container .swiper-navigation .slider-btn,\n\t\t\t\t\t#rt-tpg-container-2726843431 .wc1 .rt-holder .rt-img-holder .overlay .product-more ul li a,\n\t\t\t\t\t#rt-tpg-container-2726843431 .edd1 .rt-holder .rt-img-holder .overlay .product-more ul li a,\n\t\t\t\t\t#rt-tpg-container-2726843431 .wc2 .rt-detail .rt-wc-add-to-cart,\n\t\t\t\t\t#rt-tpg-container-2726843431 .wc3 .rt-detail .rt-wc-add-to-cart,\n\t\t\t\t\t#rt-tpg-container-2726843431 .edd2 .rt-detail .rt-wc-add-to-cart,\n\t\t\t\t\t#rt-tpg-container-2726843431 .wc4 .rt-detail .rt-wc-add-to-cart,\n\t\t\t\t\t#rt-tpg-container-2726843431 .edd3 .rt-detail .rt-wc-add-to-cart,\n\t\t\t\t\t#rt-tpg-container-2726843431 .wc-carousel2 .rt-detail .rt-wc-add-to-cart,\n\t\t\t\t\t#rt-tpg-container-2726843431 .wc-isotope2 .rt-detail .rt-wc-add-to-cart,\n\t\t\t\t\t#rt-tpg-container-2726843431 .rt-tpg-utility .rt-tpg-load-more button,\n\t\t\t\t\t#rt-tooltip-2726843431,\n\t\t\t\t\t#rt-tpg-container-2726843431 .rt-filter-item-wrap.rt-filter-button-wrap span.rt-filter-button-item,\n\t\t\t\t\t#rt-tpg-container-2726843431 .rt-layout-filter-container .rt-filter-sub-tax.sub-button-group .rt-filter-button-item,\n\t\t\t\t\t#rt-tpg-container-2726843431 .rt-layout-filter-container .rt-filter-wrap .rt-filter-item-wrap.rt-sort-order-action,\n\t\t\t\t\t#rt-tpg-container-2726843431 .rt-layout-filter-container .rt-filter-wrap .rt-filter-item-wrap.rt-filter-dropdown-wrap .rt-filter-dropdown .rt-filter-dropdown-item,\n\t\t\t\t\t#rt-tpg-container-2726843431.rt-tpg-container .rt-pagination-wrap .rt-page-numbers .paginationjs .paginationjs-pages ul li>a,\n\t\t\t\t\t#rt-tpg-container-2726843431.rt-tpg-container .rt-pagination-wrap .rt-cb-page-prev-next > *,\n\t\t\t\t\t#rt-tpg-container-2726843431.rt-tpg-container .rt-pagination-wrap  .rt-loadmore-btn,\n\t\t\t\t\t#rt-tpg-container-2726843431 .rt-read-more,\n\t\t\t\t\t#rt-tooltip-2726843431 .rt-tooltip-bottom:after{color:#ffffff;}#rt-tpg-container-2726843431 .read-more a{border-radius:px;}#rt-tpg-container-2726843431 .rt-img-holder img.rt-img-responsive,#rt-tpg-container-2726843431 .rt-img-holder,\n\t\t\t\t\t#rt-tpg-container-2726843431 .rt-post-overlay .post-img,\n\t\t\t\t\t#rt-tpg-container-2726843431 .post-sm .post-img,\n\t\t\t\t\t#rt-tpg-container-2726843431 .rt-post-grid .post-img,\n\t\t\t\t\t#rt-tpg-container-2726843431 .post-img img {border-radius:px;}<\/style><div class='rt-container-fluid rt-tpg-container tpg-shortcode-main-wrapper ' id='rt-tpg-container-2726843431'   data-layout='layout2' data-grid-style='even' data-desktop-col='1'  data-tab-col='2'  data-mobile-col='1' data-sc-id='1692'><div data-title='Loading ...' class='rt-row rt-content-loader   layout2 tpg-even '><div class=\"rt-col-md-12 rt-col-sm-6 rt-col-xs-12 even-grid-item rt-grid-item\" data-id=\"2977\"><div class=\"rt-holder\"><div class=\"rt-row\"><div class='rt-col-xs-12'><div class='rt-detail'><h2 class=\"entry-title\"><a data-id=\"2977\" class=\"\" href=\"https:\/\/edlevonzwirn.de\/EdlevonZwirn\/2025-2\/\">2025<\/a><\/h2><div class='tpg-excerpt'>5. und 6. April 2025\u00a0 12-17 Uhr Europ\u00e4ische Tage des Kunsthandwerks bei Conny Kokot Schmuckdesign, Neuer Schlo\u00dfweg 17, 58119 Hagen...<\/div><span class='read-more '><a data-id='2977' class='' href='https:\/\/edlevonzwirn.de\/EdlevonZwirn\/2025-2\/'>mehr<\/a><\/span><\/div><\/div><\/div><\/div><\/div><div class=\"rt-col-md-12 rt-col-sm-6 rt-col-xs-12 even-grid-item rt-grid-item\" data-id=\"2962\"><div class=\"rt-holder\"><div class=\"rt-row\"><div class='rt-col-xs-12'><div class='rt-detail'><h2 class=\"entry-title\"><a data-id=\"2962\" class=\"\" href=\"https:\/\/edlevonzwirn.de\/EdlevonZwirn\/2024-2\/\">2024<\/a><\/h2><div class='tpg-excerpt'>Ma\u00dftage und Lagerabverkauf: Wir r\u00e4umen mit satten Rabatten unser Lager besonderer Musterst\u00fccke und Accessoires am Freitag 2.2 von 15-21 Uhr und Samstag 3.2. von 11- 15 Uhr im Atelier Brausestr. 1 in Iserlohn. Sehen wir uns bei einem Getr\u00e4nk und\u00a0 &hellip; <a href=\"https:\/\/edlevonzwirn.de\/EdlevonZwirn\/2024-2\/\">Weiter<\/a>...<\/div><span class='read-more '><a data-id='2962' class='' href='https:\/\/edlevonzwirn.de\/EdlevonZwirn\/2024-2\/'>mehr<\/a><\/span><\/div><\/div><\/div><\/div><\/div><div class=\"rt-col-md-12 rt-col-sm-6 rt-col-xs-12 even-grid-item rt-grid-item\" data-id=\"2808\"><div class=\"rt-holder\"><div class=\"rt-row\"><div class='rt-col-xs-12'><div class='rt-detail'><h2 class=\"entry-title\"><a data-id=\"2808\" class=\"\" href=\"https:\/\/edlevonzwirn.de\/EdlevonZwirn\/2023-2\/\">2023<\/a><\/h2><div class='tpg-excerpt'>Neuer\u00f6ffnung Atelier Iserlohn 04.\/05.02.2023 Ma\u00dftag in der Lauterbacher Hemdmanufaktur, David-Eifert-Str. 3, Lauterbach\/ Hessen am 16.M\u00e4rz 2023 Ma\u00dftag in der Lauterbacher Hemdmanufaktur, David-Eifert-Str. 3, Lauterbach\/ Hessen am 13.April 2023 Ma\u00dftag in der Lauterbacher Hemdmanufaktur, David-Eifert-Str. 3, 36341 Lauterbach\/ Hessen am 24. &hellip; <a href=\"https:\/\/edlevonzwirn.de\/EdlevonZwirn\/2023-2\/\">Weiter<\/a>...<\/div><span class='read-more '><a data-id='2808' class='' href='https:\/\/edlevonzwirn.de\/EdlevonZwirn\/2023-2\/'>mehr<\/a><\/span><\/div><\/div><\/div><\/div><\/div><div class=\"rt-col-md-12 rt-col-sm-6 rt-col-xs-12 even-grid-item rt-grid-item\" data-id=\"2799\"><div class=\"rt-holder\"><div class=\"rt-row\"><div class='rt-col-xs-12'><div class='rt-detail'><h2 class=\"entry-title\"><a data-id=\"2799\" class=\"\" href=\"https:\/\/edlevonzwirn.de\/EdlevonZwirn\/2022-2\/\">2022<\/a><\/h2><div class='tpg-excerpt'>Landpartie Burg Adendorf 26.-29.05.2022 Landpartie Schloss Lembeck 16.-19.06.2022 Gartenflair Schloss Bodelschwingh 02.-04.09.2022...<\/div><span class='read-more '><a data-id='2799' class='' href='https:\/\/edlevonzwirn.de\/EdlevonZwirn\/2022-2\/'>mehr<\/a><\/span><\/div><\/div><\/div><\/div><\/div><div class=\"rt-col-md-12 rt-col-sm-6 rt-col-xs-12 even-grid-item rt-grid-item\" data-id=\"2546\"><div class=\"rt-holder\"><div class=\"rt-row\"><div class='rt-col-xs-12'><div class='rt-detail'><h2 class=\"entry-title\"><a data-id=\"2546\" class=\"\" href=\"https:\/\/edlevonzwirn.de\/EdlevonZwirn\/gartenflair-schloss-bodelschwingh-03-05-09-2021\/\">2021<\/a><\/h2><div class='tpg-excerpt'>Landpartie Schloss Lembeck 11.-15.08.2021 Gartenflair Schloss Bodelschwingh 03.-05.09.2021 Herbstmarkt der Johanniter-Hilfsgemeinschaft Wiesbaden in Eltville\u00a0...<\/div><span class='read-more '><a data-id='2546' class='' href='https:\/\/edlevonzwirn.de\/EdlevonZwirn\/gartenflair-schloss-bodelschwingh-03-05-09-2021\/'>mehr<\/a><\/span><\/div><\/div><\/div><\/div><\/div><\/div><\/div>\n","protected":false},"excerpt":{"rendered":"","protected":false},"author":2,"featured_media":0,"parent":0,"menu_order":0,"comment_status":"closed","ping_status":"closed","template":"page-fullwidth.php","meta":{"kt_blocks_editor_width":"","footnotes":"","_mc_calendar":[]},"rttpg_featured_image_url":null,"rttpg_author":{"display_name":"Charlotte von Campe","author_link":"https:\/\/edlevonzwirn.de\/EdlevonZwirn\/author\/campe\/"},"rttpg_comment":0,"rttpg_category":"","rttpg_excerpt":null,"_links":{"self":[{"href":"https:\/\/edlevonzwirn.de\/EdlevonZwirn\/wp-json\/wp\/v2\/pages\/1678"}],"collection":[{"href":"https:\/\/edlevonzwirn.de\/EdlevonZwirn\/wp-json\/wp\/v2\/pages"}],"about":[{"href":"https:\/\/edlevonzwirn.de\/EdlevonZwirn\/wp-json\/wp\/v2\/types\/page"}],"author":[{"embeddable":true,"href":"https:\/\/edlevonzwirn.de\/EdlevonZwirn\/wp-json\/wp\/v2\/users\/2"}],"replies":[{"embeddable":true,"href":"https:\/\/edlevonzwirn.de\/EdlevonZwirn\/wp-json\/wp\/v2\/comments?post=1678"}],"version-history":[{"count":7,"href":"https:\/\/edlevonzwirn.de\/EdlevonZwirn\/wp-json\/wp\/v2\/pages\/1678\/revisions"}],"predecessor-version":[{"id":1895,"href":"https:\/\/edlevonzwirn.de\/EdlevonZwirn\/wp-json\/wp\/v2\/pages\/1678\/revisions\/1895"}],"wp:attachment":[{"href":"https:\/\/edlevonzwirn.de\/EdlevonZwirn\/wp-json\/wp\/v2\/media?parent=1678"}],"curies":[{"name":"wp","href":"https:\/\/api.w.org\/{rel}","templated":true}]}}