{"id":2427,"date":"2021-02-02T18:38:15","date_gmt":"2021-02-02T17:38:15","guid":{"rendered":"https:\/\/edlevonzwirn.de\/EdlevonZwirn\/?page_id=2427"},"modified":"2023-01-19T11:51:32","modified_gmt":"2023-01-19T10:51:32","slug":"take-away-strickjacke","status":"publish","type":"page","link":"https:\/\/edlevonzwirn.de\/EdlevonZwirn\/modelle\/die-bluse\/take-away-strickjacke\/","title":{"rendered":"Take-Away-Strickjacke"},"content":{"rendered":"<div id=\"pl-2427\"  class=\"panel-layout\" ><div id=\"pg-2427-0\"  class=\"panel-grid panel-has-style\" ><div class=\"siteorigin-panels-stretch panel-row-style panel-row-style-for-2427-0\" data-stretch-type=\"full\" ><div id=\"pgc-2427-0-0\"  class=\"panel-grid-cell\" ><div id=\"panel-2427-0-0-0\" class=\"so-panel widget widget_sow-image panel-first-child panel-last-child\" data-index=\"0\" ><div class=\"panel-widget-style panel-widget-style-for-2427-0-0-0\" ><div\n\t\t\t\n\t\t\tclass=\"so-widget-sow-image so-widget-sow-image-default-8b5b6f678277-2427\"\n\t\t\t\n\t\t>\n<div class=\"sow-image-container\">\n\t\t<img \n\tsrc=\"https:\/\/edlevonzwirn.de\/EdlevonZwirn\/wp-content\/uploads\/2021\/02\/IMG_7984-scaled.jpg\" width=\"1081\" height=\"2560\" srcset=\"https:\/\/edlevonzwirn.de\/EdlevonZwirn\/wp-content\/uploads\/2021\/02\/IMG_7984-scaled.jpg 1081w, https:\/\/edlevonzwirn.de\/EdlevonZwirn\/wp-content\/uploads\/2021\/02\/IMG_7984-127x300.jpg 127w, https:\/\/edlevonzwirn.de\/EdlevonZwirn\/wp-content\/uploads\/2021\/02\/IMG_7984-433x1024.jpg 433w, https:\/\/edlevonzwirn.de\/EdlevonZwirn\/wp-content\/uploads\/2021\/02\/IMG_7984-768x1818.jpg 768w, https:\/\/edlevonzwirn.de\/EdlevonZwirn\/wp-content\/uploads\/2021\/02\/IMG_7984-600x1420.jpg 600w, https:\/\/edlevonzwirn.de\/EdlevonZwirn\/wp-content\/uploads\/2021\/02\/IMG_7984-649x1536.jpg 649w, https:\/\/edlevonzwirn.de\/EdlevonZwirn\/wp-content\/uploads\/2021\/02\/IMG_7984-865x2048.jpg 865w\" sizes=\"(max-width: 1081px) 100vw, 1081px\" title=\"IMG_7984\" alt=\"\" \t\tclass=\"so-widget-image\"\/>\n\t<\/div>\n\n<\/div><\/div><\/div><\/div><div id=\"pgc-2427-0-1\"  class=\"panel-grid-cell\" ><div id=\"panel-2427-0-1-0\" class=\"so-panel widget widget_sow-image panel-first-child\" data-index=\"1\" ><div class=\"panel-widget-style panel-widget-style-for-2427-0-1-0\" ><div\n\t\t\t\n\t\t\tclass=\"so-widget-sow-image so-widget-sow-image-default-8b5b6f678277-2427\"\n\t\t\t\n\t\t>\n<div class=\"sow-image-container\">\n\t\t<img \n\tsrc=\"https:\/\/edlevonzwirn.de\/EdlevonZwirn\/wp-content\/uploads\/2021\/02\/IMG_7985-scaled.jpg\" width=\"1843\" height=\"2560\" srcset=\"https:\/\/edlevonzwirn.de\/EdlevonZwirn\/wp-content\/uploads\/2021\/02\/IMG_7985-scaled.jpg 1843w, https:\/\/edlevonzwirn.de\/EdlevonZwirn\/wp-content\/uploads\/2021\/02\/IMG_7985-216x300.jpg 216w, https:\/\/edlevonzwirn.de\/EdlevonZwirn\/wp-content\/uploads\/2021\/02\/IMG_7985-737x1024.jpg 737w, https:\/\/edlevonzwirn.de\/EdlevonZwirn\/wp-content\/uploads\/2021\/02\/IMG_7985-768x1067.jpg 768w, https:\/\/edlevonzwirn.de\/EdlevonZwirn\/wp-content\/uploads\/2021\/02\/IMG_7985-600x834.jpg 600w, https:\/\/edlevonzwirn.de\/EdlevonZwirn\/wp-content\/uploads\/2021\/02\/IMG_7985-1106x1536.jpg 1106w, https:\/\/edlevonzwirn.de\/EdlevonZwirn\/wp-content\/uploads\/2021\/02\/IMG_7985-1474x2048.jpg 1474w\" sizes=\"(max-width: 1843px) 100vw, 1843px\" title=\"IMG_7985\" alt=\"\" \t\tclass=\"so-widget-image\"\/>\n\t<\/div>\n\n<\/div><\/div><\/div><div id=\"panel-2427-0-1-1\" class=\"so-panel widget widget_sow-editor panel-last-child\" data-index=\"2\" ><div\n\t\t\t\n\t\t\tclass=\"so-widget-sow-editor so-widget-sow-editor-base\"\n\t\t\t\n\t\t>\n<div class=\"siteorigin-widget-tinymce textwidget\">\n\t<h3 style=\"text-align: center;\"><strong><span style=\"color: #003300;\">Strickjacke gr\u00fcn<\/span><\/strong><\/h3>\n<p style=\"text-align: center;\"><strong><span style=\"color: #003300;\">Preis:\u00a0 \u00a0 auf Anfrage<\/span><\/strong><\/p>\n<h5 style=\"text-align: center;\"><span style=\"color: #003300;\">Gr. 36. Leichter Leinenstrick mit eingearbeitetem floralem Muster aus Wolle. Kanten schmal mit orange-gr\u00fcnem Band eingefasst. Schalkragen. Einzelst\u00fcck.<\/span><\/h5>\n<\/div>\n<\/div><\/div><\/div><div id=\"pgc-2427-0-2\"  class=\"panel-grid-cell\" ><div id=\"panel-2427-0-2-0\" class=\"so-panel widget widget_sow-image panel-first-child\" data-index=\"3\" ><div class=\"panel-widget-style panel-widget-style-for-2427-0-2-0\" ><div\n\t\t\t\n\t\t\tclass=\"so-widget-sow-image so-widget-sow-image-default-8b5b6f678277-2427\"\n\t\t\t\n\t\t>\n<div class=\"sow-image-container\">\n\t\t<img \n\tsrc=\"https:\/\/edlevonzwirn.de\/EdlevonZwirn\/wp-content\/uploads\/2021\/02\/IMG_6675-scaled-e1612286248993.jpg\" width=\"1060\" height=\"1816\" srcset=\"https:\/\/edlevonzwirn.de\/EdlevonZwirn\/wp-content\/uploads\/2021\/02\/IMG_6675-scaled-e1612286248993.jpg 1060w, https:\/\/edlevonzwirn.de\/EdlevonZwirn\/wp-content\/uploads\/2021\/02\/IMG_6675-scaled-e1612286248993-175x300.jpg 175w, https:\/\/edlevonzwirn.de\/EdlevonZwirn\/wp-content\/uploads\/2021\/02\/IMG_6675-scaled-e1612286248993-598x1024.jpg 598w, https:\/\/edlevonzwirn.de\/EdlevonZwirn\/wp-content\/uploads\/2021\/02\/IMG_6675-scaled-e1612286248993-768x1316.jpg 768w, https:\/\/edlevonzwirn.de\/EdlevonZwirn\/wp-content\/uploads\/2021\/02\/IMG_6675-scaled-e1612286248993-600x1028.jpg 600w, https:\/\/edlevonzwirn.de\/EdlevonZwirn\/wp-content\/uploads\/2021\/02\/IMG_6675-scaled-e1612286248993-897x1536.jpg 897w\" sizes=\"(max-width: 1060px) 100vw, 1060px\" title=\"IMG_6675\" alt=\"\" \t\tclass=\"so-widget-image\"\/>\n\t<\/div>\n\n<\/div><\/div><\/div><div id=\"panel-2427-0-2-1\" class=\"so-panel widget widget_sow-editor panel-last-child\" data-index=\"4\" ><div class=\"panel-widget-style panel-widget-style-for-2427-0-2-1\" ><div\n\t\t\t\n\t\t\tclass=\"so-widget-sow-editor so-widget-sow-editor-base\"\n\t\t\t\n\t\t>\n<div class=\"siteorigin-widget-tinymce textwidget\">\n\t<h3 style=\"text-align: center;\"><span style=\"color: #003300;\"><strong>Sch\u00f6\u00dfchen-Jacke<\/strong>\u00a0<\/span><\/h3>\n<h5 style=\"text-align: center;\"><span style=\"color: #003300;\"><strong>Preis: auf Anfrage<\/strong><\/span><\/h5>\n<h5 style=\"text-align: center;\"><span style=\"color: #003300;\">Gr. 40. Brokat-Stretch kombiniert mit Woll-Strick in Schwarz. FakeFur-Einfassung an Vorderkante. Knebelverschlu\u00df. Einzelst\u00fcck.<\/span><\/h5>\n<\/div>\n<\/div><\/div><\/div><\/div><\/div><\/div><div id=\"pg-2427-1\"  class=\"panel-grid panel-has-style\" ><div class=\"siteorigin-panels-stretch panel-row-style panel-row-style-for-2427-1\" data-stretch-type=\"full\" ><div id=\"pgc-2427-1-0\"  class=\"panel-grid-cell\" ><div id=\"panel-2427-1-0-0\" class=\"so-panel widget widget_sow-image panel-first-child\" data-index=\"5\" ><div class=\"panel-widget-style panel-widget-style-for-2427-1-0-0\" ><div\n\t\t\t\n\t\t\tclass=\"so-widget-sow-image so-widget-sow-image-default-8b5b6f678277-2427\"\n\t\t\t\n\t\t>\n<div class=\"sow-image-container\">\n\t\t<img \n\tsrc=\"https:\/\/edlevonzwirn.de\/EdlevonZwirn\/wp-content\/uploads\/2021\/02\/IMG_7999-scaled.jpg\" width=\"1687\" height=\"2560\" srcset=\"https:\/\/edlevonzwirn.de\/EdlevonZwirn\/wp-content\/uploads\/2021\/02\/IMG_7999-scaled.jpg 1687w, https:\/\/edlevonzwirn.de\/EdlevonZwirn\/wp-content\/uploads\/2021\/02\/IMG_7999-198x300.jpg 198w, https:\/\/edlevonzwirn.de\/EdlevonZwirn\/wp-content\/uploads\/2021\/02\/IMG_7999-675x1024.jpg 675w, https:\/\/edlevonzwirn.de\/EdlevonZwirn\/wp-content\/uploads\/2021\/02\/IMG_7999-768x1165.jpg 768w, https:\/\/edlevonzwirn.de\/EdlevonZwirn\/wp-content\/uploads\/2021\/02\/IMG_7999-600x910.jpg 600w, https:\/\/edlevonzwirn.de\/EdlevonZwirn\/wp-content\/uploads\/2021\/02\/IMG_7999-1012x1536.jpg 1012w, https:\/\/edlevonzwirn.de\/EdlevonZwirn\/wp-content\/uploads\/2021\/02\/IMG_7999-1350x2048.jpg 1350w\" sizes=\"(max-width: 1687px) 100vw, 1687px\" title=\"IMG_7999\" alt=\"\" \t\tclass=\"so-widget-image\"\/>\n\t<\/div>\n\n<\/div><\/div><\/div><div id=\"panel-2427-1-0-1\" class=\"so-panel widget widget_sow-editor panel-last-child\" data-index=\"6\" ><div\n\t\t\t\n\t\t\tclass=\"so-widget-sow-editor so-widget-sow-editor-base\"\n\t\t\t\n\t\t>\n<div class=\"siteorigin-widget-tinymce textwidget\">\n\t<h3><\/h3>\n<p>&nbsp;<\/p>\n<h3 style=\"text-align: center;\"><strong><span style=\"color: #003300;\">Wickeljacke Spitze<\/span><\/strong><\/h3>\n<p style=\"text-align: center;\"><strong><span style=\"color: #003300;\">Preis:\u00a0 \u00a0 auf Anfrage<\/span><\/strong><\/p>\n<\/div>\n<\/div><\/div><\/div><div id=\"pgc-2427-1-1\"  class=\"panel-grid-cell\" ><div id=\"panel-2427-1-1-0\" class=\"so-panel widget widget_sow-image panel-first-child\" data-index=\"7\" ><div class=\"panel-widget-style panel-widget-style-for-2427-1-1-0\" ><div\n\t\t\t\n\t\t\tclass=\"so-widget-sow-image so-widget-sow-image-default-8b5b6f678277-2427\"\n\t\t\t\n\t\t>\n<div class=\"sow-image-container\">\n\t\t<img \n\tsrc=\"https:\/\/edlevonzwirn.de\/EdlevonZwirn\/wp-content\/uploads\/2021\/02\/IMG_8001-scaled.jpg\" width=\"1317\" height=\"2560\" srcset=\"https:\/\/edlevonzwirn.de\/EdlevonZwirn\/wp-content\/uploads\/2021\/02\/IMG_8001-scaled.jpg 1317w, https:\/\/edlevonzwirn.de\/EdlevonZwirn\/wp-content\/uploads\/2021\/02\/IMG_8001-154x300.jpg 154w, https:\/\/edlevonzwirn.de\/EdlevonZwirn\/wp-content\/uploads\/2021\/02\/IMG_8001-527x1024.jpg 527w, https:\/\/edlevonzwirn.de\/EdlevonZwirn\/wp-content\/uploads\/2021\/02\/IMG_8001-768x1493.jpg 768w, https:\/\/edlevonzwirn.de\/EdlevonZwirn\/wp-content\/uploads\/2021\/02\/IMG_8001-600x1167.jpg 600w, https:\/\/edlevonzwirn.de\/EdlevonZwirn\/wp-content\/uploads\/2021\/02\/IMG_8001-790x1536.jpg 790w, https:\/\/edlevonzwirn.de\/EdlevonZwirn\/wp-content\/uploads\/2021\/02\/IMG_8001-1053x2048.jpg 1053w\" sizes=\"(max-width: 1317px) 100vw, 1317px\" title=\"IMG_8001\" alt=\"\" \t\tclass=\"so-widget-image\"\/>\n\t<\/div>\n\n<\/div><\/div><\/div><div id=\"panel-2427-1-1-1\" class=\"so-panel widget widget_sow-editor panel-last-child\" data-index=\"8\" ><div class=\"panel-widget-style panel-widget-style-for-2427-1-1-1\" ><div\n\t\t\t\n\t\t\tclass=\"so-widget-sow-editor so-widget-sow-editor-base\"\n\t\t\t\n\t\t>\n<div class=\"siteorigin-widget-tinymce textwidget\">\n\t<h5 style=\"text-align: center;\"><span style=\"color: #003300;\">\u00a0Leichte Baumwolljacke mit Spitzen-Schalkragen aus synthetischer Faser.<\/span><\/h5>\n<\/div>\n<\/div><\/div><\/div><\/div><div id=\"pgc-2427-1-2\"  class=\"panel-grid-cell\" ><div id=\"panel-2427-1-2-0\" class=\"so-panel widget widget_sow-image panel-first-child\" data-index=\"9\" ><div class=\"panel-widget-style panel-widget-style-for-2427-1-2-0\" ><div\n\t\t\t\n\t\t\tclass=\"so-widget-sow-image so-widget-sow-image-default-8b5b6f678277-2427\"\n\t\t\t\n\t\t>\n<div class=\"sow-image-container\">\n\t\t<img \n\tsrc=\"https:\/\/edlevonzwirn.de\/EdlevonZwirn\/wp-content\/uploads\/2021\/02\/IMG_8002-scaled.jpg\" width=\"1212\" height=\"2560\" srcset=\"https:\/\/edlevonzwirn.de\/EdlevonZwirn\/wp-content\/uploads\/2021\/02\/IMG_8002-scaled.jpg 1212w, https:\/\/edlevonzwirn.de\/EdlevonZwirn\/wp-content\/uploads\/2021\/02\/IMG_8002-142x300.jpg 142w, https:\/\/edlevonzwirn.de\/EdlevonZwirn\/wp-content\/uploads\/2021\/02\/IMG_8002-485x1024.jpg 485w, https:\/\/edlevonzwirn.de\/EdlevonZwirn\/wp-content\/uploads\/2021\/02\/IMG_8002-768x1622.jpg 768w, https:\/\/edlevonzwirn.de\/EdlevonZwirn\/wp-content\/uploads\/2021\/02\/IMG_8002-600x1267.jpg 600w, https:\/\/edlevonzwirn.de\/EdlevonZwirn\/wp-content\/uploads\/2021\/02\/IMG_8002-727x1536.jpg 727w, https:\/\/edlevonzwirn.de\/EdlevonZwirn\/wp-content\/uploads\/2021\/02\/IMG_8002-970x2048.jpg 970w\" sizes=\"(max-width: 1212px) 100vw, 1212px\" title=\"IMG_8002\" alt=\"\" \t\tclass=\"so-widget-image\"\/>\n\t<\/div>\n\n<\/div><\/div><\/div><div id=\"panel-2427-1-2-1\" class=\"so-panel widget widget_sow-editor panel-last-child\" data-index=\"10\" ><div class=\"panel-widget-style panel-widget-style-for-2427-1-2-1\" ><div\n\t\t\t\n\t\t\tclass=\"so-widget-sow-editor so-widget-sow-editor-base\"\n\t\t\t\n\t\t>\n<div class=\"siteorigin-widget-tinymce textwidget\">\n\t<h5 style=\"text-align: center;\"><span style=\"color: #003300;\">\u00a0In Gr. 38 und 42 vorhanden.<\/span><\/h5>\n<\/div>\n<\/div><\/div><\/div><\/div><\/div><\/div><div id=\"pg-2427-2\"  class=\"panel-grid panel-has-style\" ><div class=\"siteorigin-panels-stretch panel-row-style panel-row-style-for-2427-2\" data-stretch-type=\"full\" ><div id=\"pgc-2427-2-0\"  class=\"panel-grid-cell\" ><div id=\"panel-2427-2-0-0\" class=\"so-panel widget widget_sow-image panel-first-child\" data-index=\"11\" ><div class=\"panel-widget-style panel-widget-style-for-2427-2-0-0\" ><div\n\t\t\t\n\t\t\tclass=\"so-widget-sow-image so-widget-sow-image-default-8b5b6f678277-2427\"\n\t\t\t\n\t\t>\n<div class=\"sow-image-container\">\n\t\t<img \n\tsrc=\"https:\/\/edlevonzwirn.de\/EdlevonZwirn\/wp-content\/uploads\/2021\/02\/IMG_9772-scaled.jpg\" width=\"1832\" height=\"2560\" srcset=\"https:\/\/edlevonzwirn.de\/EdlevonZwirn\/wp-content\/uploads\/2021\/02\/IMG_9772-scaled.jpg 1832w, https:\/\/edlevonzwirn.de\/EdlevonZwirn\/wp-content\/uploads\/2021\/02\/IMG_9772-215x300.jpg 215w, https:\/\/edlevonzwirn.de\/EdlevonZwirn\/wp-content\/uploads\/2021\/02\/IMG_9772-733x1024.jpg 733w, https:\/\/edlevonzwirn.de\/EdlevonZwirn\/wp-content\/uploads\/2021\/02\/IMG_9772-768x1073.jpg 768w, https:\/\/edlevonzwirn.de\/EdlevonZwirn\/wp-content\/uploads\/2021\/02\/IMG_9772-600x838.jpg 600w, https:\/\/edlevonzwirn.de\/EdlevonZwirn\/wp-content\/uploads\/2021\/02\/IMG_9772-1099x1536.jpg 1099w, https:\/\/edlevonzwirn.de\/EdlevonZwirn\/wp-content\/uploads\/2021\/02\/IMG_9772-1466x2048.jpg 1466w\" sizes=\"(max-width: 1832px) 100vw, 1832px\" title=\"IMG_9772\" alt=\"\" \t\tclass=\"so-widget-image\"\/>\n\t<\/div>\n\n<\/div><\/div><\/div><div id=\"panel-2427-2-0-1\" class=\"so-panel widget widget_sow-editor panel-last-child\" data-index=\"12\" ><div\n\t\t\t\n\t\t\tclass=\"so-widget-sow-editor so-widget-sow-editor-base\"\n\t\t\t\n\t\t>\n<div class=\"siteorigin-widget-tinymce textwidget\">\n\t<h3 style=\"text-align: center;\"><strong><span style=\"color: #003300;\">Feder - Wickeljacke<\/span><\/strong><\/h3>\n<p style=\"text-align: center;\"><strong><span style=\"color: #003300;\">Preis:\u00a0 \u00a0 auf Anfrage<\/span><\/strong><\/p>\n<\/div>\n<\/div><\/div><\/div><div id=\"pgc-2427-2-1\"  class=\"panel-grid-cell\" ><div id=\"panel-2427-2-1-0\" class=\"so-panel widget widget_sow-image panel-first-child\" data-index=\"13\" ><div class=\"panel-widget-style panel-widget-style-for-2427-2-1-0\" ><div\n\t\t\t\n\t\t\tclass=\"so-widget-sow-image so-widget-sow-image-default-8b5b6f678277-2427\"\n\t\t\t\n\t\t>\n<div class=\"sow-image-container\">\n\t\t<img \n\tsrc=\"https:\/\/edlevonzwirn.de\/EdlevonZwirn\/wp-content\/uploads\/2021\/02\/IMG_9771-scaled-e1612287027131.jpg\" width=\"1920\" height=\"2476\" srcset=\"https:\/\/edlevonzwirn.de\/EdlevonZwirn\/wp-content\/uploads\/2021\/02\/IMG_9771-scaled-e1612287027131.jpg 1920w, https:\/\/edlevonzwirn.de\/EdlevonZwirn\/wp-content\/uploads\/2021\/02\/IMG_9771-scaled-e1612287027131-233x300.jpg 233w, https:\/\/edlevonzwirn.de\/EdlevonZwirn\/wp-content\/uploads\/2021\/02\/IMG_9771-scaled-e1612287027131-794x1024.jpg 794w, https:\/\/edlevonzwirn.de\/EdlevonZwirn\/wp-content\/uploads\/2021\/02\/IMG_9771-scaled-e1612287027131-768x990.jpg 768w, https:\/\/edlevonzwirn.de\/EdlevonZwirn\/wp-content\/uploads\/2021\/02\/IMG_9771-scaled-e1612287027131-600x774.jpg 600w, https:\/\/edlevonzwirn.de\/EdlevonZwirn\/wp-content\/uploads\/2021\/02\/IMG_9771-scaled-e1612287027131-1191x1536.jpg 1191w, https:\/\/edlevonzwirn.de\/EdlevonZwirn\/wp-content\/uploads\/2021\/02\/IMG_9771-scaled-e1612287027131-1588x2048.jpg 1588w\" sizes=\"(max-width: 1920px) 100vw, 1920px\" title=\"IMG_9771\" alt=\"\" \t\tclass=\"so-widget-image\"\/>\n\t<\/div>\n\n<\/div><\/div><\/div><div id=\"panel-2427-2-1-1\" class=\"so-panel widget widget_sow-editor panel-last-child\" data-index=\"14\" ><div class=\"panel-widget-style panel-widget-style-for-2427-2-1-1\" ><div\n\t\t\t\n\t\t\tclass=\"so-widget-sow-editor so-widget-sow-editor-base\"\n\t\t\t\n\t\t>\n<div class=\"siteorigin-widget-tinymce textwidget\">\n\t<h5 style=\"text-align: center;\"><span style=\"color: #003300;\">\u00a0Wollstrick in Camel als Wickeljacke mit Schalkragen. Dieser besetzt mit echten Fasanenfedern auf Seide.<\/span><\/h5>\n<\/div>\n<\/div><\/div><\/div><\/div><div id=\"pgc-2427-2-2\"  class=\"panel-grid-cell\" ><div id=\"panel-2427-2-2-0\" class=\"so-panel widget widget_sow-image panel-first-child\" data-index=\"15\" ><div class=\"panel-widget-style panel-widget-style-for-2427-2-2-0\" ><div\n\t\t\t\n\t\t\tclass=\"so-widget-sow-image so-widget-sow-image-default-8b5b6f678277-2427\"\n\t\t\t\n\t\t>\n<div class=\"sow-image-container\">\n\t\t<img \n\tsrc=\"https:\/\/edlevonzwirn.de\/EdlevonZwirn\/wp-content\/uploads\/2021\/02\/IMG_9767-scaled.jpg\" width=\"1618\" height=\"2560\" srcset=\"https:\/\/edlevonzwirn.de\/EdlevonZwirn\/wp-content\/uploads\/2021\/02\/IMG_9767-scaled.jpg 1618w, https:\/\/edlevonzwirn.de\/EdlevonZwirn\/wp-content\/uploads\/2021\/02\/IMG_9767-190x300.jpg 190w, https:\/\/edlevonzwirn.de\/EdlevonZwirn\/wp-content\/uploads\/2021\/02\/IMG_9767-647x1024.jpg 647w, https:\/\/edlevonzwirn.de\/EdlevonZwirn\/wp-content\/uploads\/2021\/02\/IMG_9767-768x1215.jpg 768w, https:\/\/edlevonzwirn.de\/EdlevonZwirn\/wp-content\/uploads\/2021\/02\/IMG_9767-600x949.jpg 600w, https:\/\/edlevonzwirn.de\/EdlevonZwirn\/wp-content\/uploads\/2021\/02\/IMG_9767-971x1536.jpg 971w, https:\/\/edlevonzwirn.de\/EdlevonZwirn\/wp-content\/uploads\/2021\/02\/IMG_9767-1294x2048.jpg 1294w\" sizes=\"(max-width: 1618px) 100vw, 1618px\" title=\"IMG_9767\" alt=\"\" \t\tclass=\"so-widget-image\"\/>\n\t<\/div>\n\n<\/div><\/div><\/div><div id=\"panel-2427-2-2-1\" class=\"so-panel widget widget_sow-editor panel-last-child\" data-index=\"16\" ><div class=\"panel-widget-style panel-widget-style-for-2427-2-2-1\" ><div\n\t\t\t\n\t\t\tclass=\"so-widget-sow-editor so-widget-sow-editor-base\"\n\t\t\t\n\t\t>\n<div class=\"siteorigin-widget-tinymce textwidget\">\n\t<h5 style=\"text-align: center;\"><span style=\"color: #003300;\">\u00a0<\/span><span style=\"color: #003300;\">In Gr\u00f6\u00dfe 36 und 40 vorhanden.<\/span><\/h5>\n<p>&nbsp;<\/p>\n<\/div>\n<\/div><\/div><\/div><\/div><\/div><\/div><\/div>","protected":false},"excerpt":{"rendered":"<p>Strickjacke gr\u00fcn Preis:\u00a0 \u00a0 auf Anfrage Gr. 36. Leichter Leinenstrick mit eingearbeitetem floralem Muster aus Wolle. Kanten schmal mit orange-gr\u00fcnem Band eingefasst. Schalkragen. Einzelst\u00fcck. Sch\u00f6\u00dfchen-Jacke\u00a0 Preis: auf Anfrage Gr. 40. Brokat-Stretch kombiniert mit Woll-Strick in Schwarz. FakeFur-Einfassung an Vorderkante. Knebelverschlu\u00df. &hellip; <a href=\"https:\/\/edlevonzwirn.de\/EdlevonZwirn\/modelle\/die-bluse\/take-away-strickjacke\/\">Weiter<\/a><\/p>\n","protected":false},"author":2,"featured_media":0,"parent":58,"menu_order":0,"comment_status":"closed","ping_status":"closed","template":"","meta":{"kt_blocks_editor_width":"","footnotes":"","_mc_calendar":[]},"rttpg_featured_image_url":null,"rttpg_author":{"display_name":"Charlotte von Campe","author_link":"https:\/\/edlevonzwirn.de\/EdlevonZwirn\/author\/campe\/"},"rttpg_comment":0,"rttpg_category":null,"rttpg_excerpt":"Strickjacke gr\u00fcn Preis:\u00a0 \u00a0 auf Anfrage Gr. 36. Leichter Leinenstrick mit eingearbeitetem floralem Muster aus Wolle. Kanten schmal mit orange-gr\u00fcnem Band eingefasst. Schalkragen. Einzelst\u00fcck. Sch\u00f6\u00dfchen-Jacke\u00a0 Preis: auf Anfrage Gr. 40. Brokat-Stretch kombiniert mit Woll-Strick in Schwarz. FakeFur-Einfassung an Vorderkante. Knebelverschlu\u00df. &hellip; Weiter","_links":{"self":[{"href":"https:\/\/edlevonzwirn.de\/EdlevonZwirn\/wp-json\/wp\/v2\/pages\/2427"}],"collection":[{"href":"https:\/\/edlevonzwirn.de\/EdlevonZwirn\/wp-json\/wp\/v2\/pages"}],"about":[{"href":"https:\/\/edlevonzwirn.de\/EdlevonZwirn\/wp-json\/wp\/v2\/types\/page"}],"author":[{"embeddable":true,"href":"https:\/\/edlevonzwirn.de\/EdlevonZwirn\/wp-json\/wp\/v2\/users\/2"}],"replies":[{"embeddable":true,"href":"https:\/\/edlevonzwirn.de\/EdlevonZwirn\/wp-json\/wp\/v2\/comments?post=2427"}],"version-history":[{"count":6,"href":"https:\/\/edlevonzwirn.de\/EdlevonZwirn\/wp-json\/wp\/v2\/pages\/2427\/revisions"}],"predecessor-version":[{"id":2845,"href":"https:\/\/edlevonzwirn.de\/EdlevonZwirn\/wp-json\/wp\/v2\/pages\/2427\/revisions\/2845"}],"up":[{"embeddable":true,"href":"https:\/\/edlevonzwirn.de\/EdlevonZwirn\/wp-json\/wp\/v2\/pages\/58"}],"wp:attachment":[{"href":"https:\/\/edlevonzwirn.de\/EdlevonZwirn\/wp-json\/wp\/v2\/media?parent=2427"}],"curies":[{"name":"wp","href":"https:\/\/api.w.org\/{rel}","templated":true}]}}