{"id":2579,"date":"2021-03-06T13:01:11","date_gmt":"2021-03-06T12:01:11","guid":{"rendered":"https:\/\/edlevonzwirn.de\/EdlevonZwirn\/?page_id=2579"},"modified":"2023-01-19T11:53:29","modified_gmt":"2023-01-19T10:53:29","slug":"take-away-bluse-top-tunika","status":"publish","type":"page","link":"https:\/\/edlevonzwirn.de\/EdlevonZwirn\/modelle\/die-bluse\/take-away-bluse-top-tunika\/","title":{"rendered":"Take-Away -Bluse\/ -Top\/ -Tunika"},"content":{"rendered":"<div id=\"pl-2579\"  class=\"panel-layout\" ><div id=\"pg-2579-0\"  class=\"panel-grid panel-has-style\" ><div class=\"siteorigin-panels-stretch panel-row-style panel-row-style-for-2579-0\" data-stretch-type=\"full\" ><div id=\"pgc-2579-0-0\"  class=\"panel-grid-cell\" ><div id=\"panel-2579-0-0-0\" class=\"so-panel widget widget_sow-editor panel-first-child\" data-index=\"0\" ><div class=\"panel-widget-style panel-widget-style-for-2579-0-0-0\" ><div\n\t\t\t\n\t\t\tclass=\"so-widget-sow-editor so-widget-sow-editor-base\"\n\t\t\t\n\t\t>\n<div class=\"siteorigin-widget-tinymce textwidget\">\n\t<h3 style=\"text-align: center;\"><span style=\"color: #003300;\">\u00a0<strong>Wasserfall-Top<\/strong><\/span><\/h3>\n<\/div>\n<\/div><\/div><\/div><div id=\"panel-2579-0-0-1\" class=\"so-panel widget widget_cl-flipbox widget-cl-flipbox\" data-index=\"1\" ><div class=\"cl-flipbox animation_cardflip direction_w valign_top\" style=\"width:100%;\"><div class=\"cl-flipbox-h easing_ease\" style=\"-webkit-transition-duration:500ms;transition-duration:500ms;\"><div class=\"cl-flipbox-hh\"><div class=\"cl-flipbox-front\" style=\"height:175px;padding:15%;background-image:url(&quot;https:\/\/edlevonzwirn.de\/EdlevonZwirn\/wp-content\/uploads\/2021\/03\/IMG_4057.jpg&quot;);\"><div class=\"cl-flipbox-front-h\"><\/div><\/div><div class=\"cl-flipbox-back\" style=\"padding:15%;display:none;background-image:url(&quot;https:\/\/edlevonzwirn.de\/EdlevonZwirn\/wp-content\/uploads\/2021\/03\/D70_3264-scaled-e1615028928601.jpg&quot;);\"><div class=\"cl-flipbox-back-h\"><\/div><\/div><\/div><\/div><\/div><\/div><div id=\"panel-2579-0-0-2\" class=\"so-panel widget widget_sow-editor\" data-index=\"2\" ><div class=\"panel-widget-style panel-widget-style-for-2579-0-0-2\" ><div\n\t\t\t\n\t\t\tclass=\"so-widget-sow-editor so-widget-sow-editor-base\"\n\t\t\t\n\t\t>\n<div class=\"siteorigin-widget-tinymce textwidget\">\n\t<h5 style=\"text-align: center;\"><span style=\"color: #003300;\">\u00a0Top aus flie\u00dfender Seide mit langem Arm und Wasserfall-Ausschnitt.<\/span><\/h5>\n<h5 style=\"text-align: center;\"><span style=\"color: #003300;\">Auch in Lieblingsfarben in matter oder gl\u00e4nzender Oberfl\u00e4che oder in Kombination mit Baumwoll-\/ Jersey-Stoff erh\u00e4ltlich. <\/span><\/h5>\n<h5 style=\"text-align: center;\"><\/h5>\n<\/div>\n<\/div><\/div><\/div><div id=\"panel-2579-0-0-3\" class=\"so-panel widget widget_sow-editor panel-last-child\" data-index=\"3\" ><div class=\"panel-widget-style panel-widget-style-for-2579-0-0-3\" ><div\n\t\t\t\n\t\t\tclass=\"so-widget-sow-editor so-widget-sow-editor-base\"\n\t\t\t\n\t\t>\n<div class=\"siteorigin-widget-tinymce textwidget\">\n\t<h5 style=\"text-align: center;\"><\/h5>\n<p>&nbsp;<\/p>\n<h5 style=\"text-align: center;\"><\/h5>\n<\/div>\n<\/div><\/div><\/div><\/div><div id=\"pgc-2579-0-1\"  class=\"panel-grid-cell\" ><div id=\"panel-2579-0-1-0\" class=\"so-panel widget widget_cl-flipbox widget-cl-flipbox panel-first-child panel-last-child\" data-index=\"4\" ><div class=\"cl-flipbox animation_cardflip direction_w valign_top\" style=\"width:100%;\"><div class=\"cl-flipbox-h easing_ease\" style=\"-webkit-transition-duration:500ms;transition-duration:500ms;\"><div class=\"cl-flipbox-hh\"><div class=\"cl-flipbox-front\" style=\"height:500px;padding:15%;background-image:url(&quot;https:\/\/edlevonzwirn.de\/EdlevonZwirn\/wp-content\/uploads\/2021\/03\/D70_3264-1-scaled-e1615029115436.jpg&quot;);\"><div class=\"cl-flipbox-front-h\"><\/div><\/div><div class=\"cl-flipbox-back\" style=\"padding:15%;display:none;background-image:url(&quot;https:\/\/edlevonzwirn.de\/EdlevonZwirn\/wp-content\/uploads\/2021\/03\/D70_3250-scaled-e1615029206134.jpg&quot;);\"><div class=\"cl-flipbox-back-h\"><\/div><\/div><\/div><\/div><\/div><\/div><\/div><div id=\"pgc-2579-0-2\"  class=\"panel-grid-cell\" ><div id=\"panel-2579-0-2-0\" class=\"so-panel widget widget_cl-flipbox widget-cl-flipbox panel-first-child\" data-index=\"5\" ><div class=\"cl-flipbox animation_cardflip direction_w valign_top\" style=\"width:100%;\"><div class=\"cl-flipbox-h easing_ease\" style=\"-webkit-transition-duration:500ms;transition-duration:500ms;\"><div class=\"cl-flipbox-hh\"><div class=\"cl-flipbox-front\" style=\"height:350px;padding:15%;background-image:url(&quot;https:\/\/edlevonzwirn.de\/EdlevonZwirn\/wp-content\/uploads\/2021\/03\/IMG_4062-scaled-e1615029493191.jpg&quot;);\"><div class=\"cl-flipbox-front-h\"><\/div><\/div><div class=\"cl-flipbox-back\" style=\"padding:15%;display:none;background-image:url(&quot;https:\/\/edlevonzwirn.de\/EdlevonZwirn\/wp-content\/uploads\/2021\/03\/D70_3266-scaled-e1615029679966.jpg&quot;);\"><div class=\"cl-flipbox-back-h\"><\/div><\/div><\/div><\/div><\/div><\/div><div id=\"panel-2579-0-2-1\" class=\"so-panel widget widget_sow-editor panel-last-child\" data-index=\"6\" ><div class=\"panel-widget-style panel-widget-style-for-2579-0-2-1\" ><div\n\t\t\t\n\t\t\tclass=\"so-widget-sow-editor so-widget-sow-editor-base\"\n\t\t\t\n\t\t>\n<div class=\"siteorigin-widget-tinymce textwidget\">\n\t<h5 style=\"text-align: center;\"><span style=\"color: #003300;\">Gr\u00f6\u00dfe 36\/38\/40\/42\/44\/46 <\/span><\/h5>\n<h5 style=\"text-align: center;\"><span style=\"color: #003300;\">oder nach Ma\u00df\u00a0 \u00a0 <\/span><\/h5>\n<h4 style=\"text-align: center;\"><strong><span style=\"color: #003300;\">Preis: je nach Stoff ab <\/span><span style=\"color: #003300;\">175,- \u20ac <\/span><\/strong><\/h4>\n<p>&nbsp;<\/p>\n<\/div>\n<\/div><\/div><\/div><\/div><\/div><\/div><div id=\"pg-2579-1\"  class=\"panel-grid panel-has-style\" ><div class=\"siteorigin-panels-stretch panel-row-style panel-row-style-for-2579-1\" data-stretch-type=\"full\" ><div id=\"pgc-2579-1-0\"  class=\"panel-grid-cell\" ><div id=\"panel-2579-1-0-0\" class=\"so-panel widget widget_sow-editor panel-first-child\" data-index=\"7\" ><div class=\"panel-widget-style panel-widget-style-for-2579-1-0-0\" ><div\n\t\t\t\n\t\t\tclass=\"so-widget-sow-editor so-widget-sow-editor-base\"\n\t\t\t\n\t\t>\n<div class=\"siteorigin-widget-tinymce textwidget\">\n\t<h3 style=\"text-align: center;\"><span style=\"color: #003300;\">\u00a0<strong>R\u00fcschen-Bluse<\/strong><\/span><\/h3>\n<\/div>\n<\/div><\/div><\/div><div id=\"panel-2579-1-0-1\" class=\"so-panel widget widget_cl-flipbox widget-cl-flipbox\" data-index=\"8\" ><div class=\"cl-flipbox animation_cardflip direction_w valign_top\" style=\"width:100%;\"><div class=\"cl-flipbox-h easing_ease\" style=\"-webkit-transition-duration:500ms;transition-duration:500ms;\"><div class=\"cl-flipbox-hh\"><div class=\"cl-flipbox-front\" style=\"height:250px;padding:15%;background-image:url(&quot;https:\/\/edlevonzwirn.de\/EdlevonZwirn\/wp-content\/uploads\/2021\/03\/D70_3337-scaled-e1615030783750.jpg&quot;);\"><div class=\"cl-flipbox-front-h\"><\/div><\/div><div class=\"cl-flipbox-back\" style=\"padding:15%;display:none;background-image:url(&quot;https:\/\/edlevonzwirn.de\/EdlevonZwirn\/wp-content\/uploads\/2021\/03\/Beate4-e1615030756753.jpg&quot;);\"><div class=\"cl-flipbox-back-h\"><\/div><\/div><\/div><\/div><\/div><\/div><div id=\"panel-2579-1-0-2\" class=\"so-panel widget widget_sow-editor\" data-index=\"9\" ><div class=\"panel-widget-style panel-widget-style-for-2579-1-0-2\" ><div\n\t\t\t\n\t\t\tclass=\"so-widget-sow-editor so-widget-sow-editor-base\"\n\t\t\t\n\t\t>\n<div class=\"siteorigin-widget-tinymce textwidget\">\n\t<h5 style=\"text-align: center;\"><span style=\"color: #003300;\">\u00a0Langarm -Bluse aus flie\u00dfender Seide mit R\u00fcschen-Ausschnitt. Bezogene Kn\u00f6pfe.<\/span><\/h5>\n<h5 style=\"text-align: center;\">Einzelst\u00fcck<\/h5>\n<h5 style=\"text-align: center;\"><span style=\"color: #003300;\">Gr\u00f6\u00dfe 36<\/span><\/h5>\n<h5 style=\"text-align: center;\"><span style=\"color: #003300;\">\u00a0 \u00a0\u00a0<\/span><\/h5>\n<h4 style=\"text-align: center;\"><strong><span style=\"color: #003300;\">Preis: auf Anfrage<\/span><\/strong><\/h4>\n<p>&nbsp;<\/p>\n<h5 style=\"text-align: center;\"><\/h5>\n<\/div>\n<\/div><\/div><\/div><div id=\"panel-2579-1-0-3\" class=\"so-panel widget widget_sow-editor panel-last-child\" data-index=\"10\" ><div class=\"panel-widget-style panel-widget-style-for-2579-1-0-3\" ><div\n\t\t\t\n\t\t\tclass=\"so-widget-sow-editor so-widget-sow-editor-base\"\n\t\t\t\n\t\t>\n<div class=\"siteorigin-widget-tinymce textwidget\">\n\t<h5 style=\"text-align: center;\"><\/h5>\n<p>&nbsp;<\/p>\n<h5 style=\"text-align: center;\"><\/h5>\n<\/div>\n<\/div><\/div><\/div><\/div><div id=\"pgc-2579-1-1\"  class=\"panel-grid-cell\" ><div id=\"panel-2579-1-1-0\" class=\"so-panel widget widget_sow-editor panel-first-child\" data-index=\"11\" ><div class=\"panel-widget-style panel-widget-style-for-2579-1-1-0\" ><div\n\t\t\t\n\t\t\tclass=\"so-widget-sow-editor so-widget-sow-editor-base\"\n\t\t\t\n\t\t>\n<div class=\"siteorigin-widget-tinymce textwidget\">\n\t<h3 style=\"text-align: center;\"><span style=\"color: #003300;\">\u00a0<strong>Pailletten-Bluse<\/strong><\/span><\/h3>\n<\/div>\n<\/div><\/div><\/div><div id=\"panel-2579-1-1-1\" class=\"so-panel widget widget_sow-editor\" data-index=\"12\" ><div class=\"panel-widget-style panel-widget-style-for-2579-1-1-1\" ><div\n\t\t\t\n\t\t\tclass=\"so-widget-sow-editor so-widget-sow-editor-base\"\n\t\t\t\n\t\t>\n<div class=\"siteorigin-widget-tinymce textwidget\">\n\t<h5 style=\"text-align: center;\"><span style=\"color: #003300;\">\u00a0Langarm -Bluse aus gl\u00e4nzender Baumwolle mit glitzernden Pailletten -Stehkragen, -Passe und -Manschetten.<\/span><\/h5>\n<h5 style=\"text-align: center;\"><span style=\"color: #003300;\">Einzelst\u00fcck Gr\u00f6\u00dfe 36<\/span><\/h5>\n<h5 style=\"text-align: center;\"><span style=\"color: #003300;\">oder nach Ihren Ma\u00dfen in verschiedenen Stoffen und Paillettenfarben\u00a0\u00a0<\/span><\/h5>\n<h4 style=\"text-align: center;\"><strong><span style=\"color: #003300;\">Preis: <\/span><span style=\"color: #003300;\">auf Anfrage<\/span><\/strong><\/h4>\n<p>&nbsp;<\/p>\n<h5 style=\"text-align: center;\"><\/h5>\n<\/div>\n<\/div><\/div><\/div><div id=\"panel-2579-1-1-2\" class=\"so-panel widget widget_cl-flipbox widget-cl-flipbox\" data-index=\"13\" ><div class=\"cl-flipbox animation_cardflip direction_w valign_top\" style=\"width:100%;\"><div class=\"cl-flipbox-h easing_ease\" style=\"-webkit-transition-duration:500ms;transition-duration:500ms;\"><div class=\"cl-flipbox-hh\"><div class=\"cl-flipbox-front\" style=\"height:200px;padding:15%;background-image:url(&quot;https:\/\/edlevonzwirn.de\/EdlevonZwirn\/wp-content\/uploads\/2021\/03\/D70_3460-scaled.jpg&quot;);\"><div class=\"cl-flipbox-front-h\"><\/div><\/div><div class=\"cl-flipbox-back\" style=\"padding:15%;display:none;background-image:url(&quot;https:\/\/edlevonzwirn.de\/EdlevonZwirn\/wp-content\/uploads\/2021\/03\/D70_3459-scaled.jpg&quot;);\"><div class=\"cl-flipbox-back-h\"><\/div><\/div><\/div><\/div><\/div><\/div><div id=\"panel-2579-1-1-3\" class=\"so-panel widget widget_sow-editor panel-last-child\" data-index=\"14\" ><div class=\"panel-widget-style panel-widget-style-for-2579-1-1-3\" ><div\n\t\t\t\n\t\t\tclass=\"so-widget-sow-editor so-widget-sow-editor-base\"\n\t\t\t\n\t\t>\n<div class=\"siteorigin-widget-tinymce textwidget\">\n\t<h5 style=\"text-align: center;\"><\/h5>\n<p>&nbsp;<\/p>\n<h5 style=\"text-align: center;\"><\/h5>\n<\/div>\n<\/div><\/div><\/div><\/div><div id=\"pgc-2579-1-2\"  class=\"panel-grid-cell\" ><div id=\"panel-2579-1-2-0\" class=\"so-panel widget widget_cl-flipbox widget-cl-flipbox panel-first-child\" data-index=\"15\" ><div class=\"cl-flipbox animation_cardflip direction_w valign_top\" style=\"width:100%;\"><div class=\"cl-flipbox-h easing_ease\" style=\"-webkit-transition-duration:500ms;transition-duration:500ms;\"><div class=\"cl-flipbox-hh\"><div class=\"cl-flipbox-front\" style=\"height:400px;padding:15%;background-image:url(&quot;https:\/\/edlevonzwirn.de\/EdlevonZwirn\/wp-content\/uploads\/2021\/03\/D70_3458-scaled-e1615031422441.jpg&quot;);\"><div class=\"cl-flipbox-front-h\"><\/div><\/div><div class=\"cl-flipbox-back\" style=\"padding:15%;display:none;background-image:url(&quot;https:\/\/edlevonzwirn.de\/EdlevonZwirn\/wp-content\/uploads\/2021\/04\/Edle-von-Zwirn-2018-02-111-scaled-e1617878601951.jpg&quot;);\"><div class=\"cl-flipbox-back-h\"><\/div><\/div><\/div><\/div><\/div><\/div><div id=\"panel-2579-1-2-1\" class=\"so-panel widget widget_cl-flipbox widget-cl-flipbox panel-last-child\" data-index=\"16\" ><div class=\"cl-flipbox animation_cardflip direction_w valign_top\" style=\"width:100%;\"><div class=\"cl-flipbox-h easing_ease\" style=\"-webkit-transition-duration:500ms;transition-duration:500ms;\"><div class=\"cl-flipbox-hh\"><div class=\"cl-flipbox-front\" style=\"height:200px;padding:15%;background-image:url(&quot;https:\/\/edlevonzwirn.de\/EdlevonZwirn\/wp-content\/uploads\/2021\/03\/Edle-von-Zwirn-2018-02-120-scaled.jpg&quot;);\"><div class=\"cl-flipbox-front-h\"><\/div><\/div><div class=\"cl-flipbox-back\" style=\"padding:15%;display:none;background-image:url(&quot;https:\/\/edlevonzwirn.de\/EdlevonZwirn\/wp-content\/uploads\/2021\/03\/IMG_3515-scaled.jpg&quot;);\"><div class=\"cl-flipbox-back-h\"><\/div><\/div><\/div><\/div><\/div><\/div><\/div><\/div><\/div><\/div>","protected":false},"excerpt":{"rendered":"<p>\u00a0Wasserfall-Top \u00a0Top aus flie\u00dfender Seide mit langem Arm und Wasserfall-Ausschnitt. Auch in Lieblingsfarben in matter oder gl\u00e4nzender Oberfl\u00e4che oder in Kombination mit Baumwoll-\/ Jersey-Stoff erh\u00e4ltlich. &nbsp; Gr\u00f6\u00dfe 36\/38\/40\/42\/44\/46 oder nach Ma\u00df\u00a0 \u00a0 Preis: je nach Stoff ab 175,- \u20ac &nbsp;<\/p>\n","protected":false},"author":2,"featured_media":0,"parent":58,"menu_order":0,"comment_status":"closed","ping_status":"closed","template":"","meta":{"kt_blocks_editor_width":"","footnotes":"","_mc_calendar":[]},"rttpg_featured_image_url":null,"rttpg_author":{"display_name":"Charlotte von Campe","author_link":"https:\/\/edlevonzwirn.de\/EdlevonZwirn\/author\/campe\/"},"rttpg_comment":0,"rttpg_category":null,"rttpg_excerpt":"\u00a0Wasserfall-Top \u00a0Top aus flie\u00dfender Seide mit langem Arm und Wasserfall-Ausschnitt. Auch in Lieblingsfarben in matter oder gl\u00e4nzender Oberfl\u00e4che oder in Kombination mit Baumwoll-\/ Jersey-Stoff erh\u00e4ltlich. &nbsp; Gr\u00f6\u00dfe 36\/38\/40\/42\/44\/46 oder nach Ma\u00df\u00a0 \u00a0 Preis: je nach Stoff ab 175,- \u20ac &nbsp;","_links":{"self":[{"href":"https:\/\/edlevonzwirn.de\/EdlevonZwirn\/wp-json\/wp\/v2\/pages\/2579"}],"collection":[{"href":"https:\/\/edlevonzwirn.de\/EdlevonZwirn\/wp-json\/wp\/v2\/pages"}],"about":[{"href":"https:\/\/edlevonzwirn.de\/EdlevonZwirn\/wp-json\/wp\/v2\/types\/page"}],"author":[{"embeddable":true,"href":"https:\/\/edlevonzwirn.de\/EdlevonZwirn\/wp-json\/wp\/v2\/users\/2"}],"replies":[{"embeddable":true,"href":"https:\/\/edlevonzwirn.de\/EdlevonZwirn\/wp-json\/wp\/v2\/comments?post=2579"}],"version-history":[{"count":13,"href":"https:\/\/edlevonzwirn.de\/EdlevonZwirn\/wp-json\/wp\/v2\/pages\/2579\/revisions"}],"predecessor-version":[{"id":2847,"href":"https:\/\/edlevonzwirn.de\/EdlevonZwirn\/wp-json\/wp\/v2\/pages\/2579\/revisions\/2847"}],"up":[{"embeddable":true,"href":"https:\/\/edlevonzwirn.de\/EdlevonZwirn\/wp-json\/wp\/v2\/pages\/58"}],"wp:attachment":[{"href":"https:\/\/edlevonzwirn.de\/EdlevonZwirn\/wp-json\/wp\/v2\/media?parent=2579"}],"curies":[{"name":"wp","href":"https:\/\/api.w.org\/{rel}","templated":true}]}}