{"id":365,"date":"2016-05-13T16:05:27","date_gmt":"2016-05-13T14:05:27","guid":{"rendered":"http:\/\/edlevonzwirn.de\/EdlevonZwirn\/?page_id=365"},"modified":"2023-09-12T15:40:14","modified_gmt":"2023-09-12T13:40:14","slug":"bezugsquellen-oeffnungszeiten","status":"publish","type":"page","link":"https:\/\/edlevonzwirn.de\/EdlevonZwirn\/geschichte\/bezugsquellen-oeffnungszeiten\/","title":{"rendered":"Bezugsquellen &#038; \u00d6ffnungszeiten"},"content":{"rendered":"<div id=\"pl-365\"  class=\"panel-layout\" ><div id=\"pg-365-0\"  class=\"panel-grid panel-has-style\" ><div class=\"panel-row-style panel-row-style-for-365-0\" ><div id=\"pgc-365-0-0\"  class=\"panel-grid-cell\" ><div id=\"panel-365-0-0-0\" class=\"so-panel widget widget_sow-image panel-first-child\" data-index=\"0\" ><div\n\t\t\t\n\t\t\tclass=\"so-widget-sow-image so-widget-sow-image-default-8b5b6f678277-365\"\n\t\t\t\n\t\t>\n<div class=\"sow-image-container\">\n\t\t<img \n\tsrc=\"https:\/\/edlevonzwirn.de\/EdlevonZwirn\/wp-content\/uploads\/2023\/09\/IMG_E9794-scaled-e1706105766145.jpg\" width=\"500\" height=\"410\" srcset=\"https:\/\/edlevonzwirn.de\/EdlevonZwirn\/wp-content\/uploads\/2023\/09\/IMG_E9794-scaled-e1706105766145.jpg 500w, https:\/\/edlevonzwirn.de\/EdlevonZwirn\/wp-content\/uploads\/2023\/09\/IMG_E9794-scaled-e1706105766145-300x246.jpg 300w\" sizes=\"(max-width: 500px) 100vw, 500px\" title=\"Iserlohn\" alt=\"\" \t\tclass=\"so-widget-image\"\/>\n\t<\/div>\n\n<\/div><\/div><div id=\"panel-365-0-0-1\" class=\"so-panel widget widget_sow-editor panel-last-child\" data-index=\"1\" ><div class=\"panel-widget-style panel-widget-style-for-365-0-0-1\" ><div\n\t\t\t\n\t\t\tclass=\"so-widget-sow-editor so-widget-sow-editor-base\"\n\t\t\t\n\t\t>\n<div class=\"siteorigin-widget-tinymce textwidget\">\n\t<p><strong>Iserlohn<\/strong><\/p>\n<h4>Massatelier\u00a0 \u00a0 \u00a0 \u00a0 \u00a0 \u00a0 \u00a0 \u00a0 \u00a0 \u00a0 <em><span style=\"color: #dea221;\">Edle von Zwirn<\/span><\/em><\/h4>\n<p>Brausestra\u00dfe 1<br \/>\n58636 Iserlohn<br \/>\nTelefon: 0162 432 435 2<\/p>\n<p>Parkpl\u00e4tze direkt vor der T\u00fcr (kostenpflichtig mit Parkscheinautomat)<\/p>\n<p><strong>\u00d6ffnungszeiten Iserlohn<\/strong><br \/>\nNur nach Vereinbarung.<\/p>\n<\/div>\n<\/div><\/div><\/div><\/div><div id=\"pgc-365-0-1\"  class=\"panel-grid-cell\" ><div id=\"panel-365-0-1-0\" class=\"so-panel widget widget_sow-image panel-first-child\" data-index=\"2\" ><div\n\t\t\t\n\t\t\tclass=\"so-widget-sow-image so-widget-sow-image-default-8b5b6f678277-365\"\n\t\t\t\n\t\t>\n<div class=\"sow-image-container\">\n\t\t<img \n\tsrc=\"https:\/\/edlevonzwirn.de\/EdlevonZwirn\/wp-content\/uploads\/2016\/05\/Lauterbach.jpg\" width=\"500\" height=\"500\" srcset=\"https:\/\/edlevonzwirn.de\/EdlevonZwirn\/wp-content\/uploads\/2016\/05\/Lauterbach.jpg 500w, https:\/\/edlevonzwirn.de\/EdlevonZwirn\/wp-content\/uploads\/2016\/05\/Lauterbach-150x150.jpg 150w, https:\/\/edlevonzwirn.de\/EdlevonZwirn\/wp-content\/uploads\/2016\/05\/Lauterbach-300x300.jpg 300w\" sizes=\"(max-width: 500px) 100vw, 500px\" title=\"Lauterbach\" alt=\"\" \t\tclass=\"so-widget-image\"\/>\n\t<\/div>\n\n<\/div><\/div><div id=\"panel-365-0-1-1\" class=\"so-panel widget widget_sow-editor panel-last-child\" data-index=\"3\" ><div class=\"panel-widget-style panel-widget-style-for-365-0-1-1\" ><div\n\t\t\t\n\t\t\tclass=\"so-widget-sow-editor so-widget-sow-editor-base\"\n\t\t\t\n\t\t>\n<div class=\"siteorigin-widget-tinymce textwidget\">\n\t<p><strong>Lauterbach<\/strong><\/p>\n<h4>LAUTERBACHER HEMDMANUFAKTUR<\/h4>\n<p>David-Eifert-Stra\u00dfe 3<br \/>\n36341 Lauterbach<br \/>\nTelefon: 06641 1585<br \/>\nTelefax: 06641 62126<\/p>\n<p>Parkpl\u00e4tze direkt vor der T\u00fcr (&gt; <a href=\"https:\/\/edlevonzwirn.de\/EdlevonZwirn\/wp-content\/uploads\/2016\/07\/Anfahrt.jpg\" target=\"_blank\" rel=\"noopener\">zur Anfahrtsskizze<\/a>)<\/p>\n<p><strong>\u00d6ffnungszeiten Lauterbach<\/strong><br \/>\nMa\u00dftage mit Termin- Vereinbarung.<\/p>\n<\/div>\n<\/div><\/div><\/div><\/div><\/div><\/div><div id=\"pg-365-1\"  class=\"panel-grid panel-no-style\" ><div id=\"pgc-365-1-0\"  class=\"panel-grid-cell panel-grid-cell-empty\" ><\/div><div id=\"pgc-365-1-1\"  class=\"panel-grid-cell\" ><div id=\"panel-365-1-1-0\" class=\"so-panel widget widget_sow-google-map panel-first-child panel-last-child\" data-index=\"4\" ><div\n\t\t\t\n\t\t\tclass=\"so-widget-sow-google-map so-widget-sow-google-map-default-e8743ace89a5-365\"\n\t\t\t\n\t\t>\n<div class=\"sow-google-map-canvas\"\n\tstyle=\"\"\n\tid=\"map-canvas-f949e6dedb6b8b4223af1122e99026e5\"\n\tdata-options=\"{&quot;address&quot;:&quot;David-Eifert-Stra\\u00dfe 3, 36341 Lauterbach&quot;,&quot;zoom&quot;:15,&quot;mobileZoom&quot;:15,&quot;gestureHandling&quot;:&quot;greedy&quot;,&quot;disableUi&quot;:false,&quot;markerIcon&quot;:false,&quot;markersDraggable&quot;:false,&quot;markerAtCenter&quot;:true,&quot;markerInfoDisplay&quot;:&quot;click&quot;,&quot;markerInfoMultiple&quot;:true,&quot;markerPositions&quot;:false,&quot;mapName&quot;:false,&quot;mapStyles&quot;:false,&quot;directions&quot;:&quot;&quot;,&quot;apiKey&quot;:&quot;&quot;,&quot;breakpoint&quot;:&quot;780&quot;,&quot;id&quot;:&quot;69e448&quot;}\"\n\tdata-fallback-image=\"{&quot;img&quot;:&quot;&quot;}\"><\/div>\n<\/div><\/div><\/div><\/div><\/div>","protected":false},"excerpt":{"rendered":"<p>Iserlohn Massatelier\u00a0 \u00a0 \u00a0 \u00a0 \u00a0 \u00a0 \u00a0 \u00a0 \u00a0 \u00a0 Edle von Zwirn Brausestra\u00dfe 1 58636 Iserlohn Telefon: 0162 432 435 2 Parkpl\u00e4tze direkt vor der T\u00fcr (kostenpflichtig mit Parkscheinautomat) \u00d6ffnungszeiten Iserlohn Nur nach Vereinbarung. Lauterbach LAUTERBACHER HEMDMANUFAKTUR David-Eifert-Stra\u00dfe &hellip; <a href=\"https:\/\/edlevonzwirn.de\/EdlevonZwirn\/geschichte\/bezugsquellen-oeffnungszeiten\/\">Weiter<\/a><\/p>\n","protected":false},"author":1,"featured_media":0,"parent":77,"menu_order":0,"comment_status":"closed","ping_status":"closed","template":"page-fullwidth.php","meta":{"kt_blocks_editor_width":"","footnotes":"","_mc_calendar":[]},"rttpg_featured_image_url":null,"rttpg_author":{"display_name":"trabandt","author_link":"https:\/\/edlevonzwirn.de\/EdlevonZwirn\/author\/trabandt\/"},"rttpg_comment":0,"rttpg_category":null,"rttpg_excerpt":"Iserlohn Massatelier\u00a0 \u00a0 \u00a0 \u00a0 \u00a0 \u00a0 \u00a0 \u00a0 \u00a0 \u00a0 Edle von Zwirn Brausestra\u00dfe 1 58636 Iserlohn Telefon: 0162 432 435 2 Parkpl\u00e4tze direkt vor der T\u00fcr (kostenpflichtig mit Parkscheinautomat) \u00d6ffnungszeiten Iserlohn Nur nach Vereinbarung. Lauterbach LAUTERBACHER HEMDMANUFAKTUR David-Eifert-Stra\u00dfe &hellip; Weiter","_links":{"self":[{"href":"https:\/\/edlevonzwirn.de\/EdlevonZwirn\/wp-json\/wp\/v2\/pages\/365"}],"collection":[{"href":"https:\/\/edlevonzwirn.de\/EdlevonZwirn\/wp-json\/wp\/v2\/pages"}],"about":[{"href":"https:\/\/edlevonzwirn.de\/EdlevonZwirn\/wp-json\/wp\/v2\/types\/page"}],"author":[{"embeddable":true,"href":"https:\/\/edlevonzwirn.de\/EdlevonZwirn\/wp-json\/wp\/v2\/users\/1"}],"replies":[{"embeddable":true,"href":"https:\/\/edlevonzwirn.de\/EdlevonZwirn\/wp-json\/wp\/v2\/comments?post=365"}],"version-history":[{"count":41,"href":"https:\/\/edlevonzwirn.de\/EdlevonZwirn\/wp-json\/wp\/v2\/pages\/365\/revisions"}],"predecessor-version":[{"id":2936,"href":"https:\/\/edlevonzwirn.de\/EdlevonZwirn\/wp-json\/wp\/v2\/pages\/365\/revisions\/2936"}],"up":[{"embeddable":true,"href":"https:\/\/edlevonzwirn.de\/EdlevonZwirn\/wp-json\/wp\/v2\/pages\/77"}],"wp:attachment":[{"href":"https:\/\/edlevonzwirn.de\/EdlevonZwirn\/wp-json\/wp\/v2\/media?parent=365"}],"curies":[{"name":"wp","href":"https:\/\/api.w.org\/{rel}","templated":true}]}}