{"id":367,"date":"2016-05-13T16:07:25","date_gmt":"2016-05-13T14:07:25","guid":{"rendered":"http:\/\/edlevonzwirn.de\/EdlevonZwirn\/?page_id=367"},"modified":"2016-07-07T17:59:49","modified_gmt":"2016-07-07T15:59:49","slug":"kontaktformular","status":"publish","type":"page","link":"https:\/\/edlevonzwirn.de\/EdlevonZwirn\/geschichte\/kontaktformular\/","title":{"rendered":"Kontaktformular"},"content":{"rendered":"<div id=\"pl-367\"  class=\"panel-layout\" ><div id=\"pg-367-0\"  class=\"panel-grid panel-has-style\" ><div class=\"panel-row-style panel-row-style-for-367-0\" ><div id=\"pgc-367-0-0\"  class=\"panel-grid-cell\" ><div id=\"panel-367-0-0-0\" class=\"so-panel widget widget_sow-editor panel-first-child panel-last-child\" data-index=\"0\" ><div\n\t\t\t\n\t\t\tclass=\"so-widget-sow-editor so-widget-sow-editor-base\"\n\t\t\t\n\t\t>\n<div class=\"siteorigin-widget-tinymce textwidget\">\n\t<p><strong>Sie haben Fragen an uns oder m\u00f6chten uns Ihre Meinung mitteilen?<\/strong><\/p>\n<p>Dann f\u00fcllen Sie einfach das neben stehende Formular aus und teilen Sie uns Ihr Anliegen mit. Wir werden uns schnellst m\u00f6glich darum k\u00fcmmern.<\/p>\n<p>Viele Gr\u00fc\u00dfe<br \/>Ihre Edle von Zwirn<\/p>\n<\/div>\n<\/div><\/div><\/div><div id=\"pgc-367-0-1\"  class=\"panel-grid-cell\" ><div id=\"panel-367-0-1-0\" class=\"so-panel widget widget_sow-contact-form panel-first-child panel-last-child\" data-index=\"1\" ><div\n\t\t\t\n\t\t\tclass=\"so-widget-sow-contact-form so-widget-sow-contact-form-default-72df491b4dbc-367\"\n\t\t\t\n\t\t>\t<form\n\t\taction=\"\/EdlevonZwirn\/wp-json\/wp\/v2\/pages\/367\"\n\t\tmethod=\"POST\"\n\t\tclass=\"sow-contact-form\"\n\t\tid=\"contact-form-ad74\"\n\t>\n\n\t\t\n\t\t\t\t\t<div class=\"sow-form-field sow-form-field-name\">\n\t\t\t\t<label class=\"sow-form-field-label-above\" for=\"sow-contact-form-field-ihr-name-1\">\n\t\t\t\t<strong>\n\t\t\t\t\tIhr Name\t\t\t\t\t\t\t\t\t<\/strong>\n\t\t\t<\/label>\n\t\t\t\t\t\t\t<div class=\"sow-field-container\">\n\t\t\t\t\t\t\t<input\n\t\t\ttype=\"text\"\n\t\t\tname=\"ihr-name-1\"\n\t\t\tid=\"sow-contact-form-field-ihr-name-1\"\n\t\t\tvalue=\"\"\n\t\t\tclass=\"sow-text-field\"\n\t\t\t\t\t\t\t\t\/>\n\t\t\t\t\t\t<\/div>\n\t\t\t\t\t\t\t<\/div>\n\t\t\t\t\t\t<div class=\"sow-form-field sow-form-field-email\">\n\t\t\t\t<label class=\"sow-form-field-label-above\" for=\"sow-contact-form-field-ihre-e-mail-adresse-1\">\n\t\t\t\t<strong>\n\t\t\t\t\tIhre E-Mail Adresse\t\t\t\t\t\t\t\t\t<\/strong>\n\t\t\t<\/label>\n\t\t\t\t\t\t\t<div class=\"sow-field-container\">\n\t\t\t\t\t\t\t<input\n\t\t\ttype=\"email\"\n\t\t\tname=\"ihre-e-mail-adresse-1\"\n\t\t\tid=\"sow-contact-form-field-ihre-e-mail-adresse-1\"\n\t\t\tvalue=\"\"\n\t\t\tclass=\"sow-text-field\"\t\t\t\t\t\t\t\t\/>\n\t\t\t\t\t\t<\/div>\n\t\t\t\t\t\t\t<\/div>\n\t\t\t\t\t\t<div class=\"sow-form-field sow-form-field-subject\">\n\t\t\t\t<label class=\"sow-form-field-label-above\" for=\"sow-contact-form-field-betreff-1\">\n\t\t\t\t<strong>\n\t\t\t\t\tBetreff\t\t\t\t\t\t\t\t\t<\/strong>\n\t\t\t<\/label>\n\t\t\t\t\t\t\t<div class=\"sow-field-container\">\n\t\t\t\t\t\t\t<input\n\t\t\ttype=\"text\"\n\t\t\tname=\"betreff-1\"\n\t\t\tid=\"sow-contact-form-field-betreff-1\"\n\t\t\tvalue=\"\"\n\t\t\tclass=\"sow-text-field\"\n\t\t\t\t\t\t\t\t\/>\n\t\t\t\t\t\t<\/div>\n\t\t\t\t\t\t\t<\/div>\n\t\t\t\t\t\t<div class=\"sow-form-field sow-form-field-textarea\">\n\t\t\t\t<label class=\"sow-form-field-label-above\" for=\"sow-contact-form-field-ihre-nachricht-an-uns-1\">\n\t\t\t\t<strong>\n\t\t\t\t\tIhre Nachricht an uns!\t\t\t\t\t\t\t\t\t<\/strong>\n\t\t\t<\/label>\n\t\t\t\t\t\t\t<div class=\"sow-field-container\">\n\t\t\t\t\t\t\t<textarea\n\t\t\tname=\"ihre-nachricht-an-uns-1\"\n\t\t\tid=\"sow-contact-form-field-ihre-nachricht-an-uns-1\"\n\t\t\trows=\"10\"\n\t\t\t\t\t\t\t\t><\/textarea>\n\t\t\t\t\t\t<\/div>\n\t\t\t\t\t\t\t<\/div>\n\t\t\t\n\t\t\n\t\t<div class=\"sow-submit-wrapper \n\t\tsow-submit-styled\t\t\">\n\n\t\t\t<button\n\t\t\t\ttype=\"submit\"\n\t\t\t\tclass=\"sow-submit\n\t\t\t\t\t\t\t\t\"\n\t\t\t\t\t\t\t>\n\t\t\t\tSenden\t\t\t<\/button>\n\t\t<\/div>\n\t\t\t\t<input\n\t\t\ttype=\"hidden\"\n\t\t\tname=\"instance_hash-1\"\n\t\t\tvalue=\"ad74716d\"\n\t\t\/>\n\n\t\t<input type=\"hidden\" id=\"_wpnonce\" name=\"_wpnonce\" value=\"1b1954ce72\" \/><input type=\"hidden\" name=\"_wp_http_referer\" value=\"\/EdlevonZwirn\/wp-json\/wp\/v2\/pages\/367\" \/>\t<\/form>\n\t<\/div><\/div><\/div><\/div><\/div><\/div>","protected":false},"excerpt":{"rendered":"<p>Sie haben Fragen an uns oder m\u00f6chten uns Ihre Meinung mitteilen?Dann f\u00fcllen Sie einfach das neben stehende Formular aus und teilen Sie uns Ihr Anliegen mit. Wir werden uns schnellst m\u00f6glich darum k\u00fcmmern.Viele Gr\u00fc\u00dfeIhre Edle von Zwirn<\/p>\n","protected":false},"author":1,"featured_media":0,"parent":77,"menu_order":0,"comment_status":"closed","ping_status":"closed","template":"page-fullwidth.php","meta":{"kt_blocks_editor_width":"","footnotes":"","_mc_calendar":[]},"rttpg_featured_image_url":null,"rttpg_author":{"display_name":"trabandt","author_link":"https:\/\/edlevonzwirn.de\/EdlevonZwirn\/author\/trabandt\/"},"rttpg_comment":0,"rttpg_category":null,"rttpg_excerpt":"Sie haben Fragen an uns oder m\u00f6chten uns Ihre Meinung mitteilen?Dann f\u00fcllen Sie einfach das neben stehende Formular aus und teilen Sie uns Ihr Anliegen mit. Wir werden uns schnellst m\u00f6glich darum k\u00fcmmern.Viele Gr\u00fc\u00dfeIhre Edle von Zwirn","_links":{"self":[{"href":"https:\/\/edlevonzwirn.de\/EdlevonZwirn\/wp-json\/wp\/v2\/pages\/367"}],"collection":[{"href":"https:\/\/edlevonzwirn.de\/EdlevonZwirn\/wp-json\/wp\/v2\/pages"}],"about":[{"href":"https:\/\/edlevonzwirn.de\/EdlevonZwirn\/wp-json\/wp\/v2\/types\/page"}],"author":[{"embeddable":true,"href":"https:\/\/edlevonzwirn.de\/EdlevonZwirn\/wp-json\/wp\/v2\/users\/1"}],"replies":[{"embeddable":true,"href":"https:\/\/edlevonzwirn.de\/EdlevonZwirn\/wp-json\/wp\/v2\/comments?post=367"}],"version-history":[{"count":2,"href":"https:\/\/edlevonzwirn.de\/EdlevonZwirn\/wp-json\/wp\/v2\/pages\/367\/revisions"}],"predecessor-version":[{"id":610,"href":"https:\/\/edlevonzwirn.de\/EdlevonZwirn\/wp-json\/wp\/v2\/pages\/367\/revisions\/610"}],"up":[{"embeddable":true,"href":"https:\/\/edlevonzwirn.de\/EdlevonZwirn\/wp-json\/wp\/v2\/pages\/77"}],"wp:attachment":[{"href":"https:\/\/edlevonzwirn.de\/EdlevonZwirn\/wp-json\/wp\/v2\/media?parent=367"}],"curies":[{"name":"wp","href":"https:\/\/api.w.org\/{rel}","templated":true}]}}