{"id":369,"date":"2016-05-13T16:07:42","date_gmt":"2016-05-13T14:07:42","guid":{"rendered":"http:\/\/edlevonzwirn.de\/EdlevonZwirn\/?page_id=369"},"modified":"2023-01-19T12:43:12","modified_gmt":"2023-01-19T11:43:12","slug":"newsletter","status":"publish","type":"page","link":"https:\/\/edlevonzwirn.de\/EdlevonZwirn\/geschichte\/newsletter\/","title":{"rendered":"Newsletter"},"content":{"rendered":"<div id=\"pl-369\"  class=\"panel-layout\" ><div id=\"pg-369-0\"  class=\"panel-grid panel-has-style\" ><div class=\"panel-row-style panel-row-style-for-369-0\" ><div id=\"pgc-369-0-0\"  class=\"panel-grid-cell\" ><div id=\"panel-369-0-0-0\" class=\"so-panel widget panel-first-child panel-last-child\" data-index=\"0\" ><\/div><\/div><div id=\"pgc-369-0-1\"  class=\"panel-grid-cell\" ><div id=\"panel-369-0-1-0\" class=\"so-panel widget widget_sow-editor panel-first-child panel-last-child\" data-index=\"1\" ><div\n\t\t\t\n\t\t\tclass=\"so-widget-sow-editor so-widget-sow-editor-base\"\n\t\t\t\n\t\t>\n<div class=\"siteorigin-widget-tinymce textwidget\">\n\t<p><strong>Newsletter abmelden<\/strong><br \/>\nSie k\u00f6nnen den kostenlosen Newsletter jederzeit abmelden. Klicken Sie hierzu einfach auf den Abmeldelink, der in jedem Newsletter angezeigt wird und best\u00e4tigen Sie die Abmeldung auf der Landingpage. Sollten Probleme mit der Newsletter-Abmeldung auftreten, wenden Sie sich bitte an unseren Kundenservice: <a href=\"mailto:edlevonzwirn@yahoo.de\">edlevonzwirn@yahoo.de<\/a><\/p>\n<p><strong>Einwilligung<\/strong><br \/>\nMit Ihrer Anmeldung akzeptieren Sie unsere Datenschutzinformationen und erkl\u00e4ren sich einverstanden, dass die Lauterbacher Hemdmanufaktur GmbH &amp; Co. KG Ihnen per E-Mail auf Ihre Interessen abgestimmte Informationen \u00fcber Produkte und Dienstleistungen, interessante Angebote und aktuelle Aktionen zusendet. Nach der Registrierung erhalten Sie von uns eine E-Mail mit einem Best\u00e4tigungslink. Erst mit Anklicken dieses Links ist Ihre Anmeldung abgeschlossen. Sie k\u00f6nnen Ihre Einwilligung (zum Erhalt von Informationen per E-Mail) jederzeit mit Wirkung f\u00fcr die Zukunft unter den in den Datenschutzinformationen angegebenen Kontakten widerrufen.<\/p>\n<p><a href=\"https:\/\/edlevonzwirn.de\/EdlevonZwirn\/datenschutz\/\"><strong>Datenschutz<\/strong><\/a><\/p>\n<\/div>\n<\/div><\/div><\/div><\/div><\/div><div id=\"pg-369-1\"  class=\"panel-grid panel-no-style\" ><div id=\"pgc-369-1-0\"  class=\"panel-grid-cell\" ><div id=\"panel-369-1-0-0\" class=\"so-panel widget widget_sow-editor panel-first-child\" data-index=\"2\" ><div\n\t\t\t\n\t\t\tclass=\"so-widget-sow-editor so-widget-sow-editor-base\"\n\t\t\t\n\t\t>\n<div class=\"siteorigin-widget-tinymce textwidget\">\n\t<h3 style=\"text-align: center;\"><span style=\"color: #7d644b;\">Aktueller Newsletter<\/span><\/h3>\n<\/div>\n<\/div><\/div><div id=\"panel-369-1-0-1\" class=\"so-panel widget widget_sow-image panel-last-child\" data-index=\"3\" ><div\n\t\t\t\n\t\t\tclass=\"so-widget-sow-image so-widget-sow-image-default-c67d20f9f743-369\"\n\t\t\t\n\t\t>\n<div class=\"sow-image-container\">\n\t\t<img \n\tsrc=\"https:\/\/edlevonzwirn.de\/EdlevonZwirn\/wp-content\/uploads\/2023\/01\/Einladung-Eroeffnung-Atelier-Brausestr.-3.-u.-4.2.23-.jpg\" width=\"796\" height=\"396\" srcset=\"https:\/\/edlevonzwirn.de\/EdlevonZwirn\/wp-content\/uploads\/2023\/01\/Einladung-Eroeffnung-Atelier-Brausestr.-3.-u.-4.2.23-.jpg 796w, https:\/\/edlevonzwirn.de\/EdlevonZwirn\/wp-content\/uploads\/2023\/01\/Einladung-Eroeffnung-Atelier-Brausestr.-3.-u.-4.2.23--300x149.jpg 300w, https:\/\/edlevonzwirn.de\/EdlevonZwirn\/wp-content\/uploads\/2023\/01\/Einladung-Eroeffnung-Atelier-Brausestr.-3.-u.-4.2.23--768x382.jpg 768w\" sizes=\"(max-width: 796px) 100vw, 796px\" title=\"Aktueller Newsletter\" alt=\"\" \t\tclass=\"so-widget-image\"\/>\n\t<\/div>\n\n<\/div><\/div><\/div><\/div><\/div>","protected":false},"excerpt":{"rendered":"<p>Newsletter abmelden Sie k\u00f6nnen den kostenlosen Newsletter jederzeit abmelden. Klicken Sie hierzu einfach auf den Abmeldelink, der in jedem Newsletter angezeigt wird und best\u00e4tigen Sie die Abmeldung auf der Landingpage. Sollten Probleme mit der Newsletter-Abmeldung auftreten, wenden Sie sich bitte &hellip; <a href=\"https:\/\/edlevonzwirn.de\/EdlevonZwirn\/geschichte\/newsletter\/\">Weiter<\/a><\/p>\n","protected":false},"author":1,"featured_media":0,"parent":77,"menu_order":0,"comment_status":"closed","ping_status":"closed","template":"page-fullwidth.php","meta":{"kt_blocks_editor_width":"","footnotes":"","_mc_calendar":[]},"rttpg_featured_image_url":null,"rttpg_author":{"display_name":"trabandt","author_link":"https:\/\/edlevonzwirn.de\/EdlevonZwirn\/author\/trabandt\/"},"rttpg_comment":0,"rttpg_category":null,"rttpg_excerpt":"Newsletter abmelden Sie k\u00f6nnen den kostenlosen Newsletter jederzeit abmelden. Klicken Sie hierzu einfach auf den Abmeldelink, der in jedem Newsletter angezeigt wird und best\u00e4tigen Sie die Abmeldung auf der Landingpage. Sollten Probleme mit der Newsletter-Abmeldung auftreten, wenden Sie sich bitte &hellip; Weiter","_links":{"self":[{"href":"https:\/\/edlevonzwirn.de\/EdlevonZwirn\/wp-json\/wp\/v2\/pages\/369"}],"collection":[{"href":"https:\/\/edlevonzwirn.de\/EdlevonZwirn\/wp-json\/wp\/v2\/pages"}],"about":[{"href":"https:\/\/edlevonzwirn.de\/EdlevonZwirn\/wp-json\/wp\/v2\/types\/page"}],"author":[{"embeddable":true,"href":"https:\/\/edlevonzwirn.de\/EdlevonZwirn\/wp-json\/wp\/v2\/users\/1"}],"replies":[{"embeddable":true,"href":"https:\/\/edlevonzwirn.de\/EdlevonZwirn\/wp-json\/wp\/v2\/comments?post=369"}],"version-history":[{"count":12,"href":"https:\/\/edlevonzwirn.de\/EdlevonZwirn\/wp-json\/wp\/v2\/pages\/369\/revisions"}],"predecessor-version":[{"id":2899,"href":"https:\/\/edlevonzwirn.de\/EdlevonZwirn\/wp-json\/wp\/v2\/pages\/369\/revisions\/2899"}],"up":[{"embeddable":true,"href":"https:\/\/edlevonzwirn.de\/EdlevonZwirn\/wp-json\/wp\/v2\/pages\/77"}],"wp:attachment":[{"href":"https:\/\/edlevonzwirn.de\/EdlevonZwirn\/wp-json\/wp\/v2\/media?parent=369"}],"curies":[{"name":"wp","href":"https:\/\/api.w.org\/{rel}","templated":true}]}}