{"id":398,"date":"2016-05-13T17:27:08","date_gmt":"2016-05-13T15:27:08","guid":{"rendered":"http:\/\/edlevonzwirn.de\/EdlevonZwirn\/?page_id=398"},"modified":"2018-03-07T00:14:52","modified_gmt":"2018-03-06T23:14:52","slug":"visionen","status":"publish","type":"page","link":"https:\/\/edlevonzwirn.de\/EdlevonZwirn\/magazin\/aktuell\/visionen\/","title":{"rendered":"Visionen -eine Modewelt"},"content":{"rendered":"<div id=\"pl-398\"  class=\"panel-layout\" ><div id=\"pg-398-0\"  class=\"panel-grid panel-has-style\" ><div class=\"siteorigin-panels-stretch panel-row-style panel-row-style-for-398-0\" data-stretch-type=\"full\" ><div id=\"pgc-398-0-0\"  class=\"panel-grid-cell panel-grid-cell-mobile-last\" ><div id=\"panel-398-0-0-0\" class=\"so-panel widget widget_sow-editor panel-first-child panel-last-child\" data-index=\"0\" ><div class=\"panel-widget-style panel-widget-style-for-398-0-0-0\" ><div\n\t\t\t\n\t\t\tclass=\"so-widget-sow-editor so-widget-sow-editor-base\"\n\t\t\t\n\t\t>\n<div class=\"siteorigin-widget-tinymce textwidget\">\n\t<p style=\"text-align: left;\" align=\"JUSTIFY\"><span style=\"color: #000000;\"><em>Edle von Zwirn<\/em> will nichts aufdr\u00e4ngen, nur weil es gerade Mode ist.<\/span><br \/>\n<span style=\"color: #000000;\"> <em>Edle von Zwirn<\/em> will erg\u00e4nzen, wo Sie etwas Neues ben\u00f6tigen.<\/span><br \/>\n<span style=\"color: #000000;\"> <em>Edle von Zwirn <\/em>will verbessernd beraten, wo Sie vielleicht unsicher sind.<\/span><br \/>\n<span style=\"color: #000000;\"> <em>Edle von Zwirn<\/em> will inspirieren und begeistern.<\/span><\/p>\n<p style=\"text-align: left;\" align=\"JUSTIFY\"><span style=\"color: #000000;\"><strong>Sie sollen sich wohlf\u00fchlen in Ihrem <em>Edle von Zwirn <\/em>- Modell.<\/strong><\/span><\/p>\n<p style=\"text-align: left;\" align=\"JUSTIFY\"><span style=\"color: #000000;\">Bleiben Sie mit <em>Edle von Zwirn<\/em> authentisch und souver\u00e4n.<\/span><br \/>\n<span style=\"color: #000000;\"> Unterstreichen Sie mit <em>Edle von Zwirn<\/em> Ihre eigene Pers\u00f6nlichkeit.<\/span><br \/>\n<span style=\"color: #000000;\"> Teilen Sie mit <em>Edle von Zwirn<\/em> die Begeisterung f\u00fcr inspirierende Mode aus edlen Materialien.<\/span><br \/>\n<span style=\"color: #000000;\"> Sehen Sie mit <em>Edle von Zwirn<\/em> noch besser aus, egal zu welchem Anlass.<\/span><\/p>\n<h4 style=\"text-align: left;\" align=\"JUSTIFY\"><span style=\"color: #000000;\"><em>Edle von Zwirn <\/em>- Ma\u00df-Modell<\/span><\/h4>\n<p style=\"text-align: left;\" align=\"JUSTIFY\"><span style=\"color: #000000;\"><strong>Ihr exklusives Unika<\/strong>t<\/span><\/p>\n<p><span style=\"color: #000000;\">Mit Meisterhand im <em>Edle von Zwirn<\/em> -Atelier in Lauterbach gefertigt. Mit Ihren individuellen Ma\u00dfen exakt auf Ihren K\u00f6rper und einem optimalen Schnitt f\u00fcr Ihre Figur.<\/span><br \/>\n<span style=\"color: #000000;\"> Gemeinsame Modellauswahl mit Abnahme Ihrer Ma\u00dfe und Anproben direkt im <em>Edle von Zwirn<\/em> -Atelier in Lauterbach.<\/span><br \/>\n<span style=\"color: #000000;\"> Termine unter<em> 0049-6641-9110557 <\/em>oder <em><a style=\"color: #000000;\" href=\"mailto:edlevonzwirn@yahoo.de\">edlevonzwirn@yahoo.de<\/a><\/em><\/span><\/p>\n<h4 style=\"text-align: left;\" align=\"JUSTIFY\"><span style=\"color: #000000;\">\u00a0<\/span><\/h4>\n<h4 style=\"text-align: left;\" align=\"JUSTIFY\"><span style=\"color: #000000;\"><em>Edle<\/em> <em>von Zwirn <\/em>- Ma\u00df-Konfektions-Modell<\/span><\/h4>\n<p style=\"text-align: left;\" align=\"JUSTIFY\"><span style=\"color: #000000;\"><strong>Ihr exklusives Kleidungsst\u00fcck aus der Kollektion.<\/strong><\/span><\/p>\n<p style=\"text-align: justify;\" align=\"JUSTIFY\"><span style=\"color: #000000;\">Mit Ihren von uns genommenen Ma\u00dfen und Ihren gew\u00fcnschten kleinen Details-, Stoff- und Farb-Ver\u00e4nderungen f\u00fcr Sie in Deutschland auf Bestellung angefertigt.<\/span><br \/>\n<span style=\"color: #000000;\"> Ein St\u00fcck aus der aktuellen <em>Edle von Zwirn<\/em> -Auswahl inspiriert oder verf\u00fchrt Sie.<\/span><br \/>\n<span style=\"color: #000000;\"> In einem der <em>Edle von Zwirn<\/em> -Pop-Up-Stores, in einer der <em>Edle von Zwirn<\/em> -Shop-in-Shop \u2013Kooperationen, in einem Gesch\u00e4ft der<em> Edle von Zwirn<\/em> -Welt oder bei einem der <em>Edle von Zwirn<\/em> -Saison -Ausblicke im Fr\u00fchjahr oder Herbst in einer exklusiven Location direkt bei Ihnen in der N\u00e4he oder bei Ihnen zuhause.<\/span><\/p>\n<p style=\"text-align: justify;\" align=\"JUSTIFY\"><span style=\"color: #000000;\">\u00a0<\/span><\/p>\n<h4 style=\"text-align: left;\" align=\"JUSTIFY\"><span style=\"color: #000000;\"><em>Edle von Zwirn<\/em> - Konfektions-Modell<\/span><\/h4>\n<p style=\"text-align: left;\" align=\"JUSTIFY\"><span style=\"color: #000000;\"><strong>Ihr exklusives Kleidungsst\u00fcck aus der aktuellen<em> Edle von Zwirn <\/em>-Kollektion. Zum Beispiel die Bluse.<\/strong><\/span><\/p>\n<p style=\"text-align: left;\" align=\"JUSTIFY\"><span style=\"color: #000000;\">Die <em>Edle von Zwirn<\/em> -Konfektionsgr\u00f6\u00dfe passt Ihnen perfekt?<\/span><br \/>\n<span style=\"color: #000000;\"> Dann nehmen Sie die St\u00fccke aus der aktuellen Kollektion gleich mit, die Ihnen gefallen.<\/span><br \/>\n<span style=\"color: #000000;\"> In einem der <em>Edle von Zwirn <\/em>-Pop-Up-Stores<em>,<\/em> in einer der <em>Edle von Zwirn<\/em> -Shop-in-Shop\u2013Kooperationen, in einem Gesch\u00e4ft der <em>Edle von Zwirn<\/em> -Welt oder bei einem der <em>Edle von Zwirn<\/em> -Saison-Ausblicke im Fr\u00fchjahr oder Herbst in einer exklusiven Location direkt bei Ihnen in der N\u00e4he oder bei Ihnen zuhause. Oder \u00fcber den <em>Edle von Zwirn<\/em> -Online-Shop.<\/span><\/p>\n<p style=\"text-align: left;\" align=\"JUSTIFY\"><span style=\"color: #000000;\">\u00a0<\/span><\/p>\n<h4 style=\"text-align: left;\"><span style=\"color: #000000;\">Die <em>Edle von Zwirn <\/em>-Welt, eine Modekosmos-Vision<\/span><\/h4>\n<p style=\"text-align: left;\"><span style=\"color: #000000;\"><strong>Ob Ma\u00df, Ma\u00dfkonfektion oder Konfektion:<\/strong><\/span><\/p>\n<p style=\"text-align: left;\" align=\"JUSTIFY\"><span style=\"color: #000000;\">Immer mit einem hohen Anspruch an perfekte Passform, Qualit\u00e4t, Verarbeitung und Kompetenz. Immer mit der Handschrift der <em>Edle von Zwirn<\/em>.<\/span><br \/>\n<span style=\"color: #000000;\"> Mit einem <em>Edle von Zwirn<\/em> \u2013Blogg zu Themen wie Lifestyle, Kultur, Reise, Gesellschaft, Netzwerk \u2026<a style=\"color: #000000;\" name=\"_GoBack\"><\/a><\/span><\/p>\n<p style=\"text-align: left;\" align=\"JUSTIFY\"><span style=\"color: #000000;\">Mit eigenen Gesch\u00e4ften der <em>Edle von Zwirn<\/em> -Welt mit Mode und passenden Accessoires wie Schuhen, Taschen, Schmuck, Kosmetik, Wohnaccessoires\u2026<\/span><br \/>\n<span style=\"color: #000000;\"> Mit <em>Edle von Zwirn<\/em> -Workshops zu besonderen Themen, Lesungen, Konzerte\u2026<\/span><\/p>\n<p style=\"text-align: left;\" align=\"JUSTIFY\"><span style=\"color: #000000;\">\u00a0<\/span><\/p>\n<h4 style=\"text-align: left;\" align=\"JUSTIFY\"><span style=\"color: #000000;\">Haben Sie Anregungen und W\u00fcnsche rund um <em>Edle von Zwirn<\/em>, wollen Sie die Zukunft mitgestalten? Dann einfach melden unter \"<em>Kontakt\"<\/em> .<\/span><\/h4>\n<\/div>\n<\/div><\/div><\/div><\/div><div id=\"pgc-398-0-1\"  class=\"panel-grid-cell panel-grid-cell-empty\" ><\/div><\/div><\/div><\/div>","protected":false},"excerpt":{"rendered":"<p>Edle von Zwirn will nichts aufdr\u00e4ngen, nur weil es gerade Mode ist. Edle von Zwirn will erg\u00e4nzen, wo Sie etwas Neues ben\u00f6tigen. Edle von Zwirn will verbessernd beraten, wo Sie vielleicht unsicher sind. Edle von Zwirn will inspirieren und begeistern. &hellip; <a href=\"https:\/\/edlevonzwirn.de\/EdlevonZwirn\/magazin\/aktuell\/visionen\/\">Weiter<\/a><\/p>\n","protected":false},"author":1,"featured_media":0,"parent":54,"menu_order":0,"comment_status":"closed","ping_status":"closed","template":"page-fullwidth.php","meta":{"kt_blocks_editor_width":"","footnotes":"","_mc_calendar":[]},"rttpg_featured_image_url":null,"rttpg_author":{"display_name":"trabandt","author_link":"https:\/\/edlevonzwirn.de\/EdlevonZwirn\/author\/trabandt\/"},"rttpg_comment":0,"rttpg_category":null,"rttpg_excerpt":"Edle von Zwirn will nichts aufdr\u00e4ngen, nur weil es gerade Mode ist. Edle von Zwirn will erg\u00e4nzen, wo Sie etwas Neues ben\u00f6tigen. Edle von Zwirn will verbessernd beraten, wo Sie vielleicht unsicher sind. Edle von Zwirn will inspirieren und begeistern. &hellip; Weiter","_links":{"self":[{"href":"https:\/\/edlevonzwirn.de\/EdlevonZwirn\/wp-json\/wp\/v2\/pages\/398"}],"collection":[{"href":"https:\/\/edlevonzwirn.de\/EdlevonZwirn\/wp-json\/wp\/v2\/pages"}],"about":[{"href":"https:\/\/edlevonzwirn.de\/EdlevonZwirn\/wp-json\/wp\/v2\/types\/page"}],"author":[{"embeddable":true,"href":"https:\/\/edlevonzwirn.de\/EdlevonZwirn\/wp-json\/wp\/v2\/users\/1"}],"replies":[{"embeddable":true,"href":"https:\/\/edlevonzwirn.de\/EdlevonZwirn\/wp-json\/wp\/v2\/comments?post=398"}],"version-history":[{"count":25,"href":"https:\/\/edlevonzwirn.de\/EdlevonZwirn\/wp-json\/wp\/v2\/pages\/398\/revisions"}],"predecessor-version":[{"id":1310,"href":"https:\/\/edlevonzwirn.de\/EdlevonZwirn\/wp-json\/wp\/v2\/pages\/398\/revisions\/1310"}],"up":[{"embeddable":true,"href":"https:\/\/edlevonzwirn.de\/EdlevonZwirn\/wp-json\/wp\/v2\/pages\/54"}],"wp:attachment":[{"href":"https:\/\/edlevonzwirn.de\/EdlevonZwirn\/wp-json\/wp\/v2\/media?parent=398"}],"curies":[{"name":"wp","href":"https:\/\/api.w.org\/{rel}","templated":true}]}}