{"id":581,"date":"2016-07-07T17:09:26","date_gmt":"2016-07-07T15:09:26","guid":{"rendered":"http:\/\/edlevonzwirn.de\/EdlevonZwirn\/?page_id=581"},"modified":"2023-09-12T15:51:12","modified_gmt":"2023-09-12T13:51:12","slug":"campe-ohff","status":"publish","type":"page","link":"https:\/\/edlevonzwirn.de\/EdlevonZwirn\/unternehmen\/team\/campe-ohff\/","title":{"rendered":"Campe &#038; Ohff"},"content":{"rendered":"<div id=\"pl-581\"  class=\"panel-layout\" ><div id=\"pg-581-0\"  class=\"panel-grid panel-has-style\" ><div class=\"panel-row-style panel-row-style-for-581-0\" ><div id=\"pgc-581-0-0\"  class=\"panel-grid-cell panel-grid-cell-mobile-last\" ><div id=\"panel-581-0-0-0\" class=\"so-panel widget widget_sow-editor panel-first-child panel-last-child\" data-index=\"0\" ><div class=\"panel-widget-style panel-widget-style-for-581-0-0-0\" ><div\n\t\t\t\n\t\t\tclass=\"so-widget-sow-editor so-widget-sow-editor-base\"\n\t\t\t\n\t\t>\n<div class=\"siteorigin-widget-tinymce textwidget\">\n\t<p><b>Wissenswertes<\/b>:<\/p>\n<ul>\n<li>2 Ladengesch\u00e4fte (Hamburg, Berlin)<\/li>\n<li>1 Shop in Shop ( Ma\u00dfschneiderei Puls in Kirchgellersen bei L\u00fcneburg)<\/li>\n<li>Direkt-Versand\/ Au\u00dfendienst (Lauterbach)<\/li>\n<\/ul>\n<p><b>Regelm\u00e4\u00dfig:<\/b><\/p>\n<ul>\n<li>Verkaufsveranstaltungen (z.B. Landpartie G\u00f6dens, Adendorf, Lembeck\u2026)<\/li>\n<li>Ma\u00dftage (Hamburg, Berlin, M\u00fcnchen, Frankfurt, Bonn, D\u00fcsseldorf, Wien, Z\u00fcrich u.a. ) zusammen mit Ma\u00df-Anzug-Schneider und Ma\u00df-Schuster<\/li>\n<li>Diverse Info-\/Verkaufsst\u00e4nde bei Verb\u00e4nden und Universit\u00e4ten und in Privath\u00e4usern<\/li>\n<li>Office- und FirmenService mit Logo-Stickerei<\/li>\n<li>pro Jahr 7 Mailings (je 10 aktuelle Stoffe), 1 Mailing (Bestseller Sonderpreis) an Direkt-Endkunden<\/li>\n<li>Preisgekr\u00f6nter Internetauftritt, Suchmaschinenpr\u00e4senz,\u2026 <a href=\"http:\/\/www.campe-ohff.de\/\"><b>www.campe-ohff.de<\/b><\/a><\/li>\n<li>Unterst\u00fctzung von Forschungsprojekten (Uni Fulda, Karlsruhe) Uni-Informationsveranstaltungen (EAP Berlin),\u2026<\/li>\n<\/ul>\n<\/div>\n<\/div><\/div><\/div><\/div><div id=\"pgc-581-0-1\"  class=\"panel-grid-cell panel-grid-cell-empty\" ><\/div><\/div><\/div><\/div>","protected":false},"excerpt":{"rendered":"<p>Wissenswertes: 2 Ladengesch\u00e4fte (Hamburg, Berlin) 1 Shop in Shop ( Ma\u00dfschneiderei Puls in Kirchgellersen bei L\u00fcneburg) Direkt-Versand\/ Au\u00dfendienst (Lauterbach) Regelm\u00e4\u00dfig: Verkaufsveranstaltungen (z.B. Landpartie G\u00f6dens, Adendorf, Lembeck\u2026) Ma\u00dftage (Hamburg, Berlin, M\u00fcnchen, Frankfurt, Bonn, D\u00fcsseldorf, Wien, Z\u00fcrich u.a. ) zusammen mit Ma\u00df-Anzug-Schneider &hellip; <a href=\"https:\/\/edlevonzwirn.de\/EdlevonZwirn\/unternehmen\/team\/campe-ohff\/\">Weiter<\/a><\/p>\n","protected":false},"author":1,"featured_media":0,"parent":68,"menu_order":0,"comment_status":"closed","ping_status":"closed","template":"page-fullwidth.php","meta":{"kt_blocks_editor_width":"","footnotes":"","_mc_calendar":[]},"rttpg_featured_image_url":null,"rttpg_author":{"display_name":"trabandt","author_link":"https:\/\/edlevonzwirn.de\/EdlevonZwirn\/author\/trabandt\/"},"rttpg_comment":0,"rttpg_category":null,"rttpg_excerpt":"Wissenswertes: 2 Ladengesch\u00e4fte (Hamburg, Berlin) 1 Shop in Shop ( Ma\u00dfschneiderei Puls in Kirchgellersen bei L\u00fcneburg) Direkt-Versand\/ Au\u00dfendienst (Lauterbach) Regelm\u00e4\u00dfig: Verkaufsveranstaltungen (z.B. Landpartie G\u00f6dens, Adendorf, Lembeck\u2026) Ma\u00dftage (Hamburg, Berlin, M\u00fcnchen, Frankfurt, Bonn, D\u00fcsseldorf, Wien, Z\u00fcrich u.a. ) zusammen mit Ma\u00df-Anzug-Schneider &hellip; Weiter","_links":{"self":[{"href":"https:\/\/edlevonzwirn.de\/EdlevonZwirn\/wp-json\/wp\/v2\/pages\/581"}],"collection":[{"href":"https:\/\/edlevonzwirn.de\/EdlevonZwirn\/wp-json\/wp\/v2\/pages"}],"about":[{"href":"https:\/\/edlevonzwirn.de\/EdlevonZwirn\/wp-json\/wp\/v2\/types\/page"}],"author":[{"embeddable":true,"href":"https:\/\/edlevonzwirn.de\/EdlevonZwirn\/wp-json\/wp\/v2\/users\/1"}],"replies":[{"embeddable":true,"href":"https:\/\/edlevonzwirn.de\/EdlevonZwirn\/wp-json\/wp\/v2\/comments?post=581"}],"version-history":[{"count":11,"href":"https:\/\/edlevonzwirn.de\/EdlevonZwirn\/wp-json\/wp\/v2\/pages\/581\/revisions"}],"predecessor-version":[{"id":2950,"href":"https:\/\/edlevonzwirn.de\/EdlevonZwirn\/wp-json\/wp\/v2\/pages\/581\/revisions\/2950"}],"up":[{"embeddable":true,"href":"https:\/\/edlevonzwirn.de\/EdlevonZwirn\/wp-json\/wp\/v2\/pages\/68"}],"wp:attachment":[{"href":"https:\/\/edlevonzwirn.de\/EdlevonZwirn\/wp-json\/wp\/v2\/media?parent=581"}],"curies":[{"name":"wp","href":"https:\/\/api.w.org\/{rel}","templated":true}]}}