{"id":589,"date":"2016-07-07T17:22:01","date_gmt":"2016-07-07T15:22:01","guid":{"rendered":"http:\/\/edlevonzwirn.de\/EdlevonZwirn\/?page_id=589"},"modified":"2023-01-19T11:04:31","modified_gmt":"2023-01-19T10:04:31","slug":"edle-von-zwirn","status":"publish","type":"page","link":"https:\/\/edlevonzwirn.de\/EdlevonZwirn\/edle-von-zwirn\/","title":{"rendered":"Edle von Zwirn"},"content":{"rendered":"<div id=\"pl-589\"  class=\"panel-layout\" ><div id=\"pg-589-0\"  class=\"panel-grid panel-has-style\" ><div class=\"panel-row-style panel-row-style-for-589-0\" ><div id=\"pgc-589-0-0\"  class=\"panel-grid-cell panel-grid-cell-mobile-last\" ><div id=\"panel-589-0-0-0\" class=\"so-panel widget widget_sow-editor panel-first-child panel-last-child\" data-index=\"0\" ><div class=\"panel-widget-style panel-widget-style-for-589-0-0-0\" ><div\n\t\t\t\n\t\t\tclass=\"so-widget-sow-editor so-widget-sow-editor-base\"\n\t\t\t\n\t\t>\n<div class=\"siteorigin-widget-tinymce textwidget\">\n\t<p align=\"JUSTIFY\"><span style=\"font-family: Arial,serif;\"><span style=\"font-size: medium;\"><b>Ihr exklusives Unikat<\/b><\/span><\/span><\/p>\n<ul>\n<li><span style=\"font-family: Arial,serif;\"><span style=\"font-size: medium;\">Mit Meisterhand im <\/span><\/span><span style=\"font-family: Mistral,serif;\"><span style=\"font-size: large;\">Edle von Zwirn<\/span><\/span><span style=\"font-family: Arial,serif;\"><span style=\"font-size: medium;\"> -Atelier in Iserlohn gefertigt.<\/span><\/span><\/li>\n<li><span style=\"font-family: Arial,serif;\"><span style=\"font-size: medium;\">Mit Ihren individuellen Ma\u00dfen, exakt auf Ihren K\u00f6rper und Ihre Figur.<\/span><\/span><\/li>\n<li><span style=\"font-family: Arial,serif;\"><span style=\"font-size: medium;\">Ob ein St\u00fcck aus der aktuellen <\/span><\/span><span style=\"font-family: Mistral,serif;\"><span style=\"font-size: large;\">Edle von Zwirn<\/span><\/span><span style=\"font-family: Arial,serif;\"><span style=\"font-size: medium;\">- Auswahl, welches Sie inspiriert oder verf\u00fchrt.<\/span><\/span><\/li>\n<li><span style=\"font-family: Arial,serif;\"><span style=\"font-size: medium;\">Ob vision\u00e4r in modernem Zeitgeist oder traditionsbewusst in zuverl\u00e4ssiger Wertekultur.<\/span><\/span><\/li>\n<li><span style=\"font-family: Arial,serif;\"><span style=\"font-size: medium;\">Ob Kombinierfreudiges zu Ihren Lieblingsst\u00fccken aus Ihrem Kleiderschrank.<\/span><\/span><\/li>\n<li><span style=\"font-family: Arial,serif;\"><span style=\"font-size: medium;\">Ob klassisch Elegantes aus einem Hochglanzmagazin oder modisch Ausgeflipptes von der Stra\u00dfe.<\/span><\/span><\/li>\n<li><span style=\"font-family: Arial,serif;\"><span style=\"font-size: medium;\">Ob glamour\u00f6s oder schlicht, knallbunt oder dezent.<\/span><\/span><\/li>\n<li><span style=\"font-family: Arial,serif;\"><span style=\"font-size: medium;\">Ob romantisch oder sachlich, bedeckt oder sexy.<\/span><\/span><\/li>\n<li><span style=\"font-family: Arial,serif;\"><span style=\"font-size: medium;\">Immer mit ehrlicher Stil-, Typ- und Farb- Beratung. <\/span><\/span><\/li>\n<li><span style=\"font-family: Arial,serif;\"><span style=\"font-size: medium;\">Immer mit einem hohen Anspruch an perfekte Passform, Qualit\u00e4t, Verarbeitung und Kompetenz.<\/span><\/span><\/li>\n<li><span style=\"font-family: Arial,serif;\"><span style=\"font-size: medium;\">Immer Made in Germany.<\/span><\/span><\/li>\n<li><span style=\"font-family: Arial,serif;\"><span style=\"font-size: medium;\">Immer mit der Handschrift der <\/span><\/span><span style=\"font-family: Mistral,serif;\"><span style=\"font-size: large;\">Edle von Zwirn.<\/span><\/span><\/li>\n<\/ul>\n<p align=\"JUSTIFY\"><span style=\"font-family: Arial,serif;\"><span style=\"font-size: medium;\">Direkt im <\/span><\/span><span style=\"font-family: Mistral,serif;\"><span style=\"font-size: large;\">Edle von Zwirn<\/span><\/span><span style=\"font-family: Arial,serif;\"><span style=\"font-size: medium;\"> -Atelier in Iserlohn.<\/span><\/span><\/p>\n<p align=\"JUSTIFY\"><span style=\"font-family: Arial,serif;\"><span style=\"font-size: medium;\">Termine unter <\/span><\/span><span style=\"color: #bf8f00;\"><span style=\"font-family: Arial,serif;\"><span style=\"font-size: medium;\">0049-162-432 435 2 <\/span><\/span><\/span><span style=\"font-family: Arial,serif;\"><span style=\"font-size: medium;\">oder <\/span><\/span><span style=\"color: #bf8f00;\"><span style=\"font-family: Arial,serif;\"><span style=\"font-size: medium;\">edlevonzwirn@yahoo.de<\/span><\/span><\/span><\/p>\n<\/div>\n<\/div><\/div><\/div><\/div><div id=\"pgc-589-0-1\"  class=\"panel-grid-cell panel-grid-cell-empty\" ><\/div><\/div><\/div><\/div>","protected":false},"excerpt":{"rendered":"<p>Ihr exklusives Unikat Mit Meisterhand im Edle von Zwirn -Atelier in Iserlohn gefertigt. Mit Ihren individuellen Ma\u00dfen, exakt auf Ihren K\u00f6rper und Ihre Figur. Ob ein St\u00fcck aus der aktuellen Edle von Zwirn- Auswahl, welches Sie inspiriert oder verf\u00fchrt. Ob &hellip; <a href=\"https:\/\/edlevonzwirn.de\/EdlevonZwirn\/edle-von-zwirn\/\">Weiter<\/a><\/p>\n","protected":false},"author":1,"featured_media":0,"parent":0,"menu_order":0,"comment_status":"closed","ping_status":"closed","template":"page-fullwidth.php","meta":{"kt_blocks_editor_width":"","footnotes":"","_mc_calendar":[]},"rttpg_featured_image_url":null,"rttpg_author":{"display_name":"trabandt","author_link":"https:\/\/edlevonzwirn.de\/EdlevonZwirn\/author\/trabandt\/"},"rttpg_comment":0,"rttpg_category":null,"rttpg_excerpt":"Ihr exklusives Unikat Mit Meisterhand im Edle von Zwirn -Atelier in Iserlohn gefertigt. Mit Ihren individuellen Ma\u00dfen, exakt auf Ihren K\u00f6rper und Ihre Figur. Ob ein St\u00fcck aus der aktuellen Edle von Zwirn- Auswahl, welches Sie inspiriert oder verf\u00fchrt. Ob &hellip; Weiter","_links":{"self":[{"href":"https:\/\/edlevonzwirn.de\/EdlevonZwirn\/wp-json\/wp\/v2\/pages\/589"}],"collection":[{"href":"https:\/\/edlevonzwirn.de\/EdlevonZwirn\/wp-json\/wp\/v2\/pages"}],"about":[{"href":"https:\/\/edlevonzwirn.de\/EdlevonZwirn\/wp-json\/wp\/v2\/types\/page"}],"author":[{"embeddable":true,"href":"https:\/\/edlevonzwirn.de\/EdlevonZwirn\/wp-json\/wp\/v2\/users\/1"}],"replies":[{"embeddable":true,"href":"https:\/\/edlevonzwirn.de\/EdlevonZwirn\/wp-json\/wp\/v2\/comments?post=589"}],"version-history":[{"count":3,"href":"https:\/\/edlevonzwirn.de\/EdlevonZwirn\/wp-json\/wp\/v2\/pages\/589\/revisions"}],"predecessor-version":[{"id":2811,"href":"https:\/\/edlevonzwirn.de\/EdlevonZwirn\/wp-json\/wp\/v2\/pages\/589\/revisions\/2811"}],"wp:attachment":[{"href":"https:\/\/edlevonzwirn.de\/EdlevonZwirn\/wp-json\/wp\/v2\/media?parent=589"}],"curies":[{"name":"wp","href":"https:\/\/api.w.org\/{rel}","templated":true}]}}