{"id":643,"date":"2016-07-13T10:02:29","date_gmt":"2016-07-13T08:02:29","guid":{"rendered":"http:\/\/edlevonzwirn.de\/EdlevonZwirn\/?page_id=643"},"modified":"2021-02-12T15:09:53","modified_gmt":"2021-02-12T14:09:53","slug":"feedback","status":"publish","type":"page","link":"https:\/\/edlevonzwirn.de\/EdlevonZwirn\/magazin\/stimmen-feedback\/feedback\/","title":{"rendered":"Feedback"},"content":{"rendered":"<div id=\"pl-643\"  class=\"panel-layout\" ><div id=\"pg-643-0\"  class=\"panel-grid panel-has-style\" ><div class=\"panel-row-style panel-row-style-for-643-0\" ><div id=\"pgc-643-0-0\"  class=\"panel-grid-cell\" ><div id=\"panel-643-0-0-0\" class=\"so-panel widget widget_sow-editor panel-first-child panel-last-child\" data-index=\"0\" ><div\n\t\t\t\n\t\t\tclass=\"so-widget-sow-editor so-widget-sow-editor-base\"\n\t\t\t\n\t\t>\n<div class=\"siteorigin-widget-tinymce textwidget\">\n\t<p><strong>Sie haben Fragen? Oder m\u00f6chten uns Ihr Feedback geben? Ein Foto schicken mit Ihrem Lieblings- Edle von Zwirn -St\u00fcck?<\/strong><\/p>\n<p>Dann f\u00fcllen Sie einfach das Kontakt- Formular aus. Wir freuen uns \u00fcber jede Nachricht!<\/p>\n<p>Herzliche Gr\u00fc\u00dfe<br \/>\nIhre <em>Edle von Zwirn<\/em><\/p>\n<\/div>\n<\/div><\/div><\/div><\/div><\/div><div id=\"pg-643-1\"  class=\"panel-grid panel-has-style\" ><div class=\"panel-row-style panel-row-style-for-643-1\" ><div id=\"pgc-643-1-0\"  class=\"panel-grid-cell panel-grid-cell-empty\" ><\/div><div id=\"pgc-643-1-1\"  class=\"panel-grid-cell panel-grid-cell-empty\" ><\/div><div id=\"pgc-643-1-2\"  class=\"panel-grid-cell\" ><div id=\"panel-643-1-2-0\" class=\"so-panel widget widget_sow-image panel-first-child panel-last-child\" data-index=\"1\" ><div\n\t\t\t\n\t\t\tclass=\"so-widget-sow-image so-widget-sow-image-default-8b5b6f678277-643\"\n\t\t\t\n\t\t><\/div><\/div><\/div><div id=\"pgc-643-1-3\"  class=\"panel-grid-cell\" ><div id=\"panel-643-1-3-0\" class=\"so-panel widget widget_sow-editor panel-first-child panel-last-child\" data-index=\"2\" ><div\n\t\t\t\n\t\t\tclass=\"so-widget-sow-editor so-widget-sow-editor-base\"\n\t\t\t\n\t\t>\n<div class=\"siteorigin-widget-tinymce textwidget\">\n\t<\/div>\n<\/div><\/div><\/div><\/div><\/div><div id=\"pg-643-2\"  class=\"panel-grid panel-has-style\" ><div class=\"panel-row-style panel-row-style-for-643-2\" ><div id=\"pgc-643-2-0\"  class=\"panel-grid-cell\" ><div id=\"panel-643-2-0-0\" class=\"so-panel widget widget_sow-image panel-first-child panel-last-child\" data-index=\"3\" ><div\n\t\t\t\n\t\t\tclass=\"so-widget-sow-image so-widget-sow-image-default-8b5b6f678277-643\"\n\t\t\t\n\t\t><\/div><\/div><\/div><div id=\"pgc-643-2-1\"  class=\"panel-grid-cell panel-grid-cell-empty\" ><\/div><div id=\"pgc-643-2-2\"  class=\"panel-grid-cell\" ><div id=\"panel-643-2-2-0\" class=\"so-panel widget widget_sow-image panel-first-child panel-last-child\" data-index=\"4\" ><div\n\t\t\t\n\t\t\tclass=\"so-widget-sow-image so-widget-sow-image-default-8b5b6f678277-643\"\n\t\t\t\n\t\t><\/div><\/div><\/div><div id=\"pgc-643-2-3\"  class=\"panel-grid-cell\" ><div id=\"panel-643-2-3-0\" class=\"so-panel widget widget_sow-editor panel-first-child panel-last-child\" data-index=\"5\" ><div\n\t\t\t\n\t\t\tclass=\"so-widget-sow-editor so-widget-sow-editor-base\"\n\t\t\t\n\t\t>\n<div class=\"siteorigin-widget-tinymce textwidget\">\n\t<p>&nbsp;<\/p>\n<p>&nbsp;<\/p>\n<\/div>\n<\/div><\/div><\/div><\/div><\/div><div id=\"pg-643-3\"  class=\"panel-grid panel-has-style\" ><div class=\"panel-row-style panel-row-style-for-643-3\" ><div id=\"pgc-643-3-0\"  class=\"panel-grid-cell\" ><div id=\"panel-643-3-0-0\" class=\"so-panel widget widget_sow-image panel-first-child panel-last-child\" data-index=\"6\" ><div\n\t\t\t\n\t\t\tclass=\"so-widget-sow-image so-widget-sow-image-default-8b5b6f678277-643\"\n\t\t\t\n\t\t><\/div><\/div><\/div><div id=\"pgc-643-3-1\"  class=\"panel-grid-cell panel-grid-cell-empty\" ><\/div><div id=\"pgc-643-3-2\"  class=\"panel-grid-cell panel-grid-cell-empty panel-grid-cell-mobile-last\" ><\/div><div id=\"pgc-643-3-3\"  class=\"panel-grid-cell panel-grid-cell-empty\" ><\/div><\/div><\/div><div id=\"pg-643-4\"  class=\"panel-grid panel-has-style\" ><div class=\"panel-row-style panel-row-style-for-643-4\" ><div id=\"pgc-643-4-0\"  class=\"panel-grid-cell\" ><div id=\"panel-643-4-0-0\" class=\"so-panel widget widget_sow-editor panel-first-child panel-last-child\" data-index=\"7\" ><div\n\t\t\t\n\t\t\tclass=\"so-widget-sow-editor so-widget-sow-editor-base\"\n\t\t\t\n\t\t>\n<div class=\"siteorigin-widget-tinymce textwidget\">\n\t<p><strong>Sie haben Fragen an uns oder m\u00f6chten uns Ihre Meinung mitteilen?<\/strong><\/p>\n<p>Dann f\u00fcllen Sie einfach <a href=\"https:\/\/edlevonzwirn.de\/EdlevonZwirn\/kontakt\/\">hier<\/a> das Formular aus und teilen Sie uns Ihr Anliegen mit. Wir werden uns schnellst m\u00f6glich darum k\u00fcmmern.<\/p>\n<p>Viele Gr\u00fc\u00dfe<br \/>Ihre <em>Edle von Zwirn<\/em><\/p>\n<\/div>\n<\/div><\/div><\/div><\/div><\/div><\/div>","protected":false},"excerpt":{"rendered":"<p>Sie haben Fragen? Oder m\u00f6chten uns Ihr Feedback geben? Ein Foto schicken mit Ihrem Lieblings- Edle von Zwirn -St\u00fcck? Dann f\u00fcllen Sie einfach das Kontakt- Formular aus. Wir freuen uns \u00fcber jede Nachricht! Herzliche Gr\u00fc\u00dfe Ihre Edle von Zwirn<\/p>\n","protected":false},"author":1,"featured_media":1224,"parent":340,"menu_order":0,"comment_status":"closed","ping_status":"closed","template":"page-fullwidth.php","meta":{"kt_blocks_editor_width":"","footnotes":"","_mc_calendar":[]},"rttpg_featured_image_url":{"full":["https:\/\/edlevonzwirn.de\/EdlevonZwirn\/wp-content\/uploads\/2016\/07\/1.3.-Titelbild-Feedback-Kundenstimme.jpg",3072,2048,false],"landscape":["https:\/\/edlevonzwirn.de\/EdlevonZwirn\/wp-content\/uploads\/2016\/07\/1.3.-Titelbild-Feedback-Kundenstimme.jpg",3072,2048,false],"portraits":["https:\/\/edlevonzwirn.de\/EdlevonZwirn\/wp-content\/uploads\/2016\/07\/1.3.-Titelbild-Feedback-Kundenstimme.jpg",3072,2048,false],"thumbnail":["https:\/\/edlevonzwirn.de\/EdlevonZwirn\/wp-content\/uploads\/2016\/07\/1.3.-Titelbild-Feedback-Kundenstimme-150x150.jpg",150,150,true],"medium":["https:\/\/edlevonzwirn.de\/EdlevonZwirn\/wp-content\/uploads\/2016\/07\/1.3.-Titelbild-Feedback-Kundenstimme-300x200.jpg",300,200,true],"large":["https:\/\/edlevonzwirn.de\/EdlevonZwirn\/wp-content\/uploads\/2016\/07\/1.3.-Titelbild-Feedback-Kundenstimme-1024x683.jpg",1024,683,true],"widgets_image_size":["https:\/\/edlevonzwirn.de\/EdlevonZwirn\/wp-content\/uploads\/2016\/07\/1.3.-Titelbild-Feedback-Kundenstimme-800x2048.jpg",800,2048,true],"folio":["https:\/\/edlevonzwirn.de\/EdlevonZwirn\/wp-content\/uploads\/2016\/07\/1.3.-Titelbild-Feedback-Kundenstimme-600x400.jpg",600,400,true],"1536x1536":["https:\/\/edlevonzwirn.de\/EdlevonZwirn\/wp-content\/uploads\/2016\/07\/1.3.-Titelbild-Feedback-Kundenstimme.jpg",1536,1024,false],"2048x2048":["https:\/\/edlevonzwirn.de\/EdlevonZwirn\/wp-content\/uploads\/2016\/07\/1.3.-Titelbild-Feedback-Kundenstimme.jpg",2048,1365,false],"widget-thumb":["https:\/\/edlevonzwirn.de\/EdlevonZwirn\/wp-content\/uploads\/2016\/07\/1.3.-Titelbild-Feedback-Kundenstimme-80x50.jpg",80,50,true],"sow-carousel-default":["https:\/\/edlevonzwirn.de\/EdlevonZwirn\/wp-content\/uploads\/2016\/07\/1.3.-Titelbild-Feedback-Kundenstimme-272x182.jpg",272,182,true]},"rttpg_author":{"display_name":"trabandt","author_link":"https:\/\/edlevonzwirn.de\/EdlevonZwirn\/author\/trabandt\/"},"rttpg_comment":0,"rttpg_category":null,"rttpg_excerpt":"Sie haben Fragen? Oder m\u00f6chten uns Ihr Feedback geben? Ein Foto schicken mit Ihrem Lieblings- Edle von Zwirn -St\u00fcck? Dann f\u00fcllen Sie einfach das Kontakt- Formular aus. Wir freuen uns \u00fcber jede Nachricht! Herzliche Gr\u00fc\u00dfe Ihre Edle von Zwirn","_links":{"self":[{"href":"https:\/\/edlevonzwirn.de\/EdlevonZwirn\/wp-json\/wp\/v2\/pages\/643"}],"collection":[{"href":"https:\/\/edlevonzwirn.de\/EdlevonZwirn\/wp-json\/wp\/v2\/pages"}],"about":[{"href":"https:\/\/edlevonzwirn.de\/EdlevonZwirn\/wp-json\/wp\/v2\/types\/page"}],"author":[{"embeddable":true,"href":"https:\/\/edlevonzwirn.de\/EdlevonZwirn\/wp-json\/wp\/v2\/users\/1"}],"replies":[{"embeddable":true,"href":"https:\/\/edlevonzwirn.de\/EdlevonZwirn\/wp-json\/wp\/v2\/comments?post=643"}],"version-history":[{"count":30,"href":"https:\/\/edlevonzwirn.de\/EdlevonZwirn\/wp-json\/wp\/v2\/pages\/643\/revisions"}],"predecessor-version":[{"id":2472,"href":"https:\/\/edlevonzwirn.de\/EdlevonZwirn\/wp-json\/wp\/v2\/pages\/643\/revisions\/2472"}],"up":[{"embeddable":true,"href":"https:\/\/edlevonzwirn.de\/EdlevonZwirn\/wp-json\/wp\/v2\/pages\/340"}],"wp:featuredmedia":[{"embeddable":true,"href":"https:\/\/edlevonzwirn.de\/EdlevonZwirn\/wp-json\/wp\/v2\/media\/1224"}],"wp:attachment":[{"href":"https:\/\/edlevonzwirn.de\/EdlevonZwirn\/wp-json\/wp\/v2\/media?parent=643"}],"curies":[{"name":"wp","href":"https:\/\/api.w.org\/{rel}","templated":true}]}}