{"id":81,"date":"2016-04-04T17:49:08","date_gmt":"2016-04-04T15:49:08","guid":{"rendered":"http:\/\/edlevonzwirn.de\/EdlevonZwirn\/?page_id=81"},"modified":"2018-03-06T22:33:54","modified_gmt":"2018-03-06T21:33:54","slug":"impressum","status":"publish","type":"page","link":"https:\/\/edlevonzwirn.de\/EdlevonZwirn\/impressum\/","title":{"rendered":"Impressum"},"content":{"rendered":"<div id=\"pl-81\"  class=\"panel-layout\" ><div id=\"pg-81-0\"  class=\"panel-grid panel-no-style\" ><div id=\"pgc-81-0-0\"  class=\"panel-grid-cell\" ><div id=\"panel-81-0-0-0\" class=\"so-panel widget widget_sow-editor panel-first-child panel-last-child\" data-index=\"0\" ><div class=\"panel-widget-style panel-widget-style-for-81-0-0-0\" ><div\n\t\t\t\n\t\t\tclass=\"so-widget-sow-editor so-widget-sow-editor-base\"\n\t\t\t\n\t\t>\n<div class=\"siteorigin-widget-tinymce textwidget\">\n\t<p><img loading=\"lazy\" decoding=\"async\" class=\"alignnone wp-image-835\" src=\"https:\/\/edlevonzwirn.de\/EdlevonZwirn\/wp-content\/uploads\/2016\/07\/Logo_EvZ-Dame-2.png\" alt=\"Logo_EvZ-Dame-2\" width=\"273\" height=\"181\" srcset=\"https:\/\/edlevonzwirn.de\/EdlevonZwirn\/wp-content\/uploads\/2016\/07\/Logo_EvZ-Dame-2.png 343w, https:\/\/edlevonzwirn.de\/EdlevonZwirn\/wp-content\/uploads\/2016\/07\/Logo_EvZ-Dame-2-300x199.png 300w\" sizes=\"(max-width: 273px) 100vw, 273px\" \/><\/p>\n<p>Angaben gem\u00e4\u00df \u00a7 5 TMG:<\/p>\n<h4>Lauterbacher Hemdmanufaktur GmbH &amp; Co. KG<\/h4>\n<p>David-Eifert-Stra\u00dfe 3<br \/>\n36341 Lauterbach<\/p>\n<p><strong>Vertreten durch:<\/strong><br \/>\nChristian von Campe<br \/>\nCharlotte von Campe<\/p>\n<p><strong>Kontakt:<\/strong><br \/>\nTelefon: 06641 9110557 oder 1585<br \/>\nTelefax: 06641 62126<br \/>\nE-Mail: <a href=\"mailto:edlevonzwirn@yahoo.de\">edlevonzwirn@yahoo.de<br \/>\n<\/a><a href=\"mailto:info@lauterbacher-hemdmanufaktur.de\">info@lauterbacher-hemdmanufaktur.de<\/a><\/p>\n<p><strong>Registereintrag:<\/strong><br \/>\nEintragung im Handelsregister<br \/>\nRegistergericht: Gie\u00dfen<br \/>\nRegisternummer: HRA 2874<\/p>\n<p>Eingetragen in der Handwerksrolle der Handwerkskammer Wiesbaden.<\/p>\n<p><a name=\"_GoBack\"><\/a> Umsatzsteuer-Identifikationsnummer gem\u00e4\u00df \u00a727 a Umsatzsteuergesetz: DE 812 510 314<\/p>\n<\/div>\n<\/div><\/div><\/div><\/div><div id=\"pgc-81-0-1\"  class=\"panel-grid-cell\" ><div id=\"panel-81-0-1-0\" class=\"so-panel widget widget_sow-editor panel-first-child panel-last-child\" data-index=\"1\" ><div class=\"panel-widget-style panel-widget-style-for-81-0-1-0\" ><div\n\t\t\t\n\t\t\tclass=\"so-widget-sow-editor so-widget-sow-editor-base\"\n\t\t\t\n\t\t>\n<div class=\"siteorigin-widget-tinymce textwidget\">\n\t<div id=\"pgc-51-0-1\" class=\"panel-grid-cell\">\n<div id=\"panel-51-0-1-0\" class=\"so-panel widget widget_sow-editor panel-first-child panel-last-child\">\n<div class=\"panel-widget-style\">\n<div class=\"so-widget-sow-editor so-widget-sow-editor-base\">\n<h3 class=\"widget-title\">Haftungsausschluss<\/h3>\n<div class=\"siteorigin-widget-tinymce textwidget\">\n<p id=\"u1689-16\"><strong><span title=\"mailto:mtrabandt@freisign.net\">Haftung f\u00fcr Inhalte<\/span><\/strong><\/p>\n<p id=\"u1689-18\">Die Inhalte unserer Seiten wurden mit gr\u00f6\u00dfter Sorgfalt erstellt. F\u00fcr die Richtigkeit, Vollst\u00e4ndigkeit und Aktualit\u00e4t der Inhalte k\u00f6nnen wir jedoch keine Gew\u00e4hr \u00fcbernehmen. Als Diensteanbieter sind wir gem\u00e4\u00df \u00a7 7 Abs.1 TMG f\u00fcr eigene Inhalte auf diesen Seiten nach den allgemeinen Gesetzen verantwortlich. Nach \u00a7\u00a7 8 bis 10 TMG sind wir als Diensteanbieter jedoch nicht verpflichtet, \u00fcbermittelte oder gespeicherte fremde Informationen zu \u00fcberwachen oder nach Umst\u00e4nden zu forschen, die auf eine rechtswidrige T\u00e4tigkeit hinweisen. Verpflichtungen zur Entfernung oder Sperrung der Nutzung von Informationen nach den allgemeinen Gesetzen bleiben hiervon unber\u00fchrt. Eine diesbez\u00fcgliche Haftung ist jedoch erst ab dem Zeitpunkt der Kenntnis einer konkreten Rechtsverletzung m\u00f6glich. Bei Bekanntwerden von entsprechenden Rechtsverletzungen werden wir diese Inhalte umgehend entfernen.<\/p>\n<p id=\"u1689-21\"><strong>Haftung f\u00fcr Links<\/strong><\/p>\n<p id=\"u1689-23\">Unser Angebot enth\u00e4lt Links zu externen Webseiten Dritter, auf deren Inhalte wir keinen Einfluss haben. Deshalb k\u00f6nnen wir f\u00fcr diese fremden Inhalte auch keine Gew\u00e4hr \u00fcbernehmen. F\u00fcr die Inhalte der verlinkten Seiten ist stets der jeweilige Anbieter oder Betreiber der Seiten verantwortlich. Die verlinkten Seiten wurden zum Zeitpunkt der Verlinkung auf m\u00f6gliche Rechtsverst\u00f6\u00dfe \u00fcberpr\u00fcft. Rechtswidrige Inhalte waren zum Zeitpunkt der Verlinkung nicht erkennbar. Eine permanente inhaltliche Kontrolle der verlinkten Seiten ist jedoch ohne konkrete Anhaltspunkte einer Rechtsverletzung nicht zumutbar. Bei Bekanntwerden von Rechtsverletzungen werden wir derartige Links umgehend entfernen.<\/p>\n<p id=\"u1689-26\"><strong>Urheberrecht<\/strong><\/p>\n<p id=\"u1689-28\">Die durch die Seitenbetreiber erstellten Inhalte und Werke auf diesen Seiten unterliegen dem deutschen Urheberrecht. Die Vervielf\u00e4ltigung, Bearbeitung, Verbreitung und jede Art der Verwertung au\u00dferhalb der Grenzen des Urheberrechtes bed\u00fcrfen der schriftlichen Zustimmung des jeweiligen Autors bzw. Erstellers. Downloads und Kopien dieser Seite sind nur f\u00fcr den privaten, nicht kommerziellen Gebrauch gestattet. Soweit die Inhalte auf dieser Seite nicht vom Betreiber erstellt wurden, werden die Urheberrechte Dritter beachtet. Insbesondere werden Inhalte Dritter als solche gekennzeichnet. Sollten Sie trotzdem auf eine Urheberrechtsverletzung aufmerksam werden, bitten wir um einen entsprechenden Hinweis. Bei Bekanntwerden von Rechtsverletzungen werden wir derartige Inhalte umgehend entfernen.<\/p>\n<p id=\"u1689-31\"><strong>Datenschutz<\/strong><\/p>\n<p id=\"u1689-33\">Die Nutzung unserer Webseite ist in der Regel ohne Angabe personenbezogener Daten m\u00f6glich. Soweit auf unseren Seiten personenbezogene Daten (beispielsweise Name, Anschrift oder eMail-Adressen) erhoben werden, erfolgt dies, soweit m\u00f6glich, stets auf freiwilliger Basis. Diese Daten werden ohne Ihre ausdr\u00fcckliche Zustimmung nicht an Dritte weitergegeben.<\/p>\n<p id=\"u1689-35\">Wir weisen darauf hin, dass die Daten\u00fcbertragung im Internet (z.B. bei der Kommunikation per E-Mail) Sicherheitsl\u00fccken aufweisen kann. Ein l\u00fcckenloser Schutz der Daten vor dem Zugriff durch Dritte ist nicht m\u00f6glich.<\/p>\n<p id=\"u1689-37\"><span title=\"mailto:mtrabandt@freisign.net\">Der Nutzung von im Rahmen der Impressumspflicht ver\u00f6ffentlichten Kontaktdaten durch Dritte zur \u00dcbersendung von nicht ausdr\u00fccklich angeforderter Werbung und Informationsmaterialien wird hiermit ausdr\u00fccklich widersprochen. Die Betreiber der Seiten behalten sich ausdr\u00fccklich rechtliche Schritte im Falle der unverlangten Zusendung von Werbeinformationen, etwa durch Spam-Mails, vor.<\/span><\/p>\n<\/div>\n<\/div>\n<\/div>\n<\/div>\n<\/div>\n<p><span id=\"cloak62652\"><\/span><\/p>\n<\/div>\n<\/div><\/div><\/div><\/div><\/div><div id=\"pg-81-1\"  class=\"panel-grid panel-has-style\" ><div class=\"siteorigin-panels-stretch panel-row-style panel-row-style-for-81-1\" data-stretch-type=\"full-stretched\" ><div id=\"pgc-81-1-0\"  class=\"panel-grid-cell panel-grid-cell-empty\" ><\/div><\/div><\/div><\/div>","protected":false},"excerpt":{"rendered":"<p>Angaben gem\u00e4\u00df \u00a7 5 TMG: Lauterbacher Hemdmanufaktur GmbH &amp; Co. KG David-Eifert-Stra\u00dfe 3 36341 Lauterbach Vertreten durch: Christian von Campe Charlotte von Campe Kontakt: Telefon: 06641 9110557 oder 1585 Telefax: 06641 62126 E-Mail: edlevonzwirn@yahoo.de info@lauterbacher-hemdmanufaktur.de Registereintrag: Eintragung im Handelsregister Registergericht: &hellip; <a href=\"https:\/\/edlevonzwirn.de\/EdlevonZwirn\/impressum\/\">Weiter<\/a><\/p>\n","protected":false},"author":1,"featured_media":0,"parent":0,"menu_order":0,"comment_status":"closed","ping_status":"closed","template":"page-fullwidth.php","meta":{"kt_blocks_editor_width":"","footnotes":"","_mc_calendar":[]},"rttpg_featured_image_url":null,"rttpg_author":{"display_name":"trabandt","author_link":"https:\/\/edlevonzwirn.de\/EdlevonZwirn\/author\/trabandt\/"},"rttpg_comment":0,"rttpg_category":null,"rttpg_excerpt":"Angaben gem\u00e4\u00df \u00a7 5 TMG: Lauterbacher Hemdmanufaktur GmbH &amp; Co. KG David-Eifert-Stra\u00dfe 3 36341 Lauterbach Vertreten durch: Christian von Campe Charlotte von Campe Kontakt: Telefon: 06641 9110557 oder 1585 Telefax: 06641 62126 E-Mail: edlevonzwirn@yahoo.de info@lauterbacher-hemdmanufaktur.de Registereintrag: Eintragung im Handelsregister Registergericht: &hellip; Weiter","_links":{"self":[{"href":"https:\/\/edlevonzwirn.de\/EdlevonZwirn\/wp-json\/wp\/v2\/pages\/81"}],"collection":[{"href":"https:\/\/edlevonzwirn.de\/EdlevonZwirn\/wp-json\/wp\/v2\/pages"}],"about":[{"href":"https:\/\/edlevonzwirn.de\/EdlevonZwirn\/wp-json\/wp\/v2\/types\/page"}],"author":[{"embeddable":true,"href":"https:\/\/edlevonzwirn.de\/EdlevonZwirn\/wp-json\/wp\/v2\/users\/1"}],"replies":[{"embeddable":true,"href":"https:\/\/edlevonzwirn.de\/EdlevonZwirn\/wp-json\/wp\/v2\/comments?post=81"}],"version-history":[{"count":13,"href":"https:\/\/edlevonzwirn.de\/EdlevonZwirn\/wp-json\/wp\/v2\/pages\/81\/revisions"}],"predecessor-version":[{"id":1284,"href":"https:\/\/edlevonzwirn.de\/EdlevonZwirn\/wp-json\/wp\/v2\/pages\/81\/revisions\/1284"}],"wp:attachment":[{"href":"https:\/\/edlevonzwirn.de\/EdlevonZwirn\/wp-json\/wp\/v2\/media?parent=81"}],"curies":[{"name":"wp","href":"https:\/\/api.w.org\/{rel}","templated":true}]}}